{"id":37531,"date":"2023-11-03T14:47:50","date_gmt":"2023-11-03T13:47:50","guid":{"rendered":"https:\/\/www.barcelonesa.com\/obtenir-cotitzacio\/"},"modified":"2023-11-09T17:57:11","modified_gmt":"2023-11-09T16:57:11","slug":"obtenir-cotitzacio","status":"publish","type":"page","link":"https:\/\/www.barcelonesa.com\/ca\/obtenir-cotitzacio\/","title":{"rendered":"obtenir cotitzaci\u00f3"},"content":{"rendered":"\t\t<div data-elementor-type=\"wp-page\" data-elementor-id=\"37531\" class=\"elementor elementor-37531 elementor-9816\" data-elementor-post-type=\"page\">\n\t\t\t\t\t\t<section class=\"elementor-section elementor-top-section elementor-element elementor-element-61150e94 elementor-section-full_width elementor-section-height-default elementor-section-height-default\" data-id=\"61150e94\" data-element_type=\"section\" data-e-type=\"section\">\n\t\t\t\t\t\t<div class=\"elementor-container elementor-column-gap-no\">\n\t\t\t\t\t<div class=\"elementor-column elementor-col-100 elementor-top-column elementor-element elementor-element-3c4db021\" data-id=\"3c4db021\" data-element_type=\"column\" data-e-type=\"column\">\n\t\t\t<div class=\"elementor-widget-wrap elementor-element-populated\">\n\t\t\t\t\t\t<section class=\"elementor-section elementor-inner-section elementor-element elementor-element-46ef2fc2 elementor-section-full_width elementor-section-height-min-height elementor-section-content-middle elementor-section-height-default\" data-id=\"46ef2fc2\" data-element_type=\"section\" data-e-type=\"section\" data-settings=\"{&quot;background_background&quot;:&quot;classic&quot;}\">\n\t\t\t\t\t\t\t<div class=\"elementor-background-overlay\"><\/div>\n\t\t\t\t\t\t\t<div class=\"elementor-container elementor-column-gap-no\">\n\t\t\t\t\t<div class=\"elementor-column elementor-col-50 elementor-inner-column elementor-element elementor-element-30063bc8\" data-id=\"30063bc8\" data-element_type=\"column\" data-e-type=\"column\">\n\t\t\t<div class=\"elementor-widget-wrap elementor-element-populated\">\n\t\t\t\t\t\t<div class=\"elementor-element elementor-element-bf76cb5 elementor-widget__width-initial elementor-widget elementor-widget-heading\" data-id=\"bf76cb5\" data-element_type=\"widget\" data-e-type=\"widget\" data-widget_type=\"heading.default\">\n\t\t\t\t<div class=\"elementor-widget-container\">\n\t\t\t\t\t<h1 class=\"elementor-heading-title elementor-size-default\">Obtenir cotitzaci\u00f3<\/h1>\t\t\t\t<\/div>\n\t\t\t\t<\/div>\n\t\t\t\t\t<\/div>\n\t\t<\/div>\n\t\t\t\t<div class=\"elementor-column elementor-col-50 elementor-inner-column elementor-element elementor-element-7ff9d0bf\" data-id=\"7ff9d0bf\" data-element_type=\"column\" data-e-type=\"column\">\n\t\t\t<div class=\"elementor-widget-wrap\">\n\t\t\t\t\t\t\t<\/div>\n\t\t<\/div>\n\t\t\t\t\t<\/div>\n\t\t<\/section>\n\t\t\t\t\t<\/div>\n\t\t<\/div>\n\t\t\t\t\t<\/div>\n\t\t<\/section>\n\t\t\t\t<section class=\"elementor-section elementor-top-section elementor-element elementor-element-7ea5038f elementor-section-full_width datos_form elementor-section-height-default elementor-section-height-default\" data-id=\"7ea5038f\" data-element_type=\"section\" data-e-type=\"section\">\n\t\t\t\t\t\t<div class=\"elementor-container elementor-column-gap-default\">\n\t\t\t\t\t<div class=\"elementor-column elementor-col-50 elementor-top-column elementor-element elementor-element-388c59dc\" data-id=\"388c59dc\" data-element_type=\"column\" data-e-type=\"column\" data-settings=\"{&quot;background_background&quot;:&quot;classic&quot;}\">\n\t\t\t<div class=\"elementor-widget-wrap elementor-element-populated\">\n\t\t\t\t\t\t<div class=\"elementor-element elementor-element-f9cb807 elementor-widget elementor-widget-heading\" data-id=\"f9cb807\" data-element_type=\"widget\" data-e-type=\"widget\" data-widget_type=\"heading.default\">\n\t\t\t\t<div class=\"elementor-widget-container\">\n\t\t\t\t\t<h2 class=\"elementor-heading-title elementor-size-default\">Demana cotitzaci\u00f3 del producte que necessites<\/h2>\t\t\t\t<\/div>\n\t\t\t\t<\/div>\n\t\t\t\t<div class=\"elementor-element elementor-element-23f5010 elementor-widget elementor-widget-text-editor\" data-id=\"23f5010\" data-element_type=\"widget\" data-e-type=\"widget\" data-widget_type=\"text-editor.default\">\n\t\t\t\t<div class=\"elementor-widget-container\">\n\t\t\t\t\t\t\t\t\t<p>Posa\u2019t en contacte amb nosaltres indicant el producte que est\u00e0s buscant, les quantitats i l\u2019INCOTERM perqu\u00e8 els nostres agents puguin enviar-te una cotitzaci\u00f3 a mida de les teves necessitats. Podem proveir-te pr\u00e0cticament qualsevol producte qu\u00edmic a nivell global. <\/p>\n\t\t\t\t\t\t\t\t<\/div>\n\t\t\t\t<\/div>\n\t\t\t\t\t<\/div>\n\t\t<\/div>\n\t\t\t\t<div class=\"elementor-column elementor-col-50 elementor-top-column elementor-element elementor-element-1473df4\" data-id=\"1473df4\" data-element_type=\"column\" data-e-type=\"column\">\n\t\t\t<div class=\"elementor-widget-wrap elementor-element-populated\">\n\t\t\t\t\t\t<div class=\"elementor-element elementor-element-4692004 elementor-widget__width-inherit elementor-widget elementor-widget-html\" data-id=\"4692004\" data-element_type=\"widget\" data-e-type=\"widget\" data-widget_type=\"html.default\">\n\t\t\t\t<div class=\"elementor-widget-container\">\n\t\t\t\t\t<iframe src=\"https:\/\/www2.grupbarcelonesa.com\/l\/914241\/2022-05-04\/29brs?FormPage=Cotizacion-ES\" width=\"100%\" height=\"900\" type=\"text\/html\" frameborder=\"0\" allowTransparency=\"true\" style=\"border: 0\"><\/iframe>\t\t\t\t<\/div>\n\t\t\t\t<\/div>\n\t\t\t\t\t<\/div>\n\t\t<\/div>\n\t\t\t\t\t<\/div>\n\t\t<\/section>\n\t\t\t\t<\/div>\n\t\t","protected":false},"excerpt":{"rendered":"<p>Obtenir cotitzaci\u00f3 Demana cotitzaci\u00f3 del producte que necessites Posa\u2019t en contacte amb nosaltres indicant el producte que est\u00e0s buscant, les quantitats i l\u2019INCOTERM perqu\u00e8 els nostres agents puguin enviar-te una cotitzaci\u00f3 a mida de les teves necessitats. Podem proveir-te pr\u00e0cticament qualsevol producte qu\u00edmic a nivell global.<\/p>\n","protected":false},"author":10,"featured_media":0,"parent":0,"menu_order":0,"comment_status":"closed","ping_status":"closed","template":"","meta":{"_acf_changed":false,"site-sidebar-layout":"no-sidebar","site-content-layout":"page-builder","ast-site-content-layout":"","site-content-style":"default","site-sidebar-style":"default","ast-global-header-display":"","ast-banner-title-visibility":"","ast-main-header-display":"","ast-hfb-above-header-display":"","ast-hfb-below-header-display":"","ast-hfb-mobile-header-display":"","site-post-title":"disabled","ast-breadcrumbs-content":"","ast-featured-img":"disabled","footer-sml-layout":"","theme-transparent-header-meta":"default","adv-header-id-meta":"","stick-header-meta":"","header-above-stick-meta":"","header-main-stick-meta":"","header-below-stick-meta":"","astra-migrate-meta-layouts":"default","ast-page-background-enabled":"default","ast-page-background-meta":{"desktop":{"background-color":"var(--ast-global-color-4)","background-image":"","background-repeat":"repeat","background-position":"center center","background-size":"auto","background-attachment":"scroll","background-type":"","background-media":"","overlay-type":"","overlay-color":"","overlay-opacity":"","overlay-gradient":""},"tablet":{"background-color":"","background-image":"","background-repeat":"repeat","background-position":"center center","background-size":"auto","background-attachment":"scroll","background-type":"","background-media":"","overlay-type":"","overlay-color":"","overlay-opacity":"","overlay-gradient":""},"mobile":{"background-color":"","background-image":"","background-repeat":"repeat","background-position":"center center","background-size":"auto","background-attachment":"scroll","background-type":"","background-media":"","overlay-type":"","overlay-color":"","overlay-opacity":"","overlay-gradient":""}},"ast-content-background-meta":{"desktop":{"background-color":"var(--ast-global-color-5)","background-image":"","background-repeat":"repeat","background-position":"center center","background-size":"auto","background-attachment":"scroll","background-type":"","background-media":"","overlay-type":"","overlay-color":"","overlay-opacity":"","overlay-gradient":""},"tablet":{"background-color":"var(--ast-global-color-5)","background-image":"","background-repeat":"repeat","background-position":"center center","background-size":"auto","background-attachment":"scroll","background-type":"","background-media":"","overlay-type":"","overlay-color":"","overlay-opacity":"","overlay-gradient":""},"mobile":{"background-color":"var(--ast-global-color-5)","background-image":"","background-repeat":"repeat","background-position":"center center","background-size":"auto","background-attachment":"scroll","background-type":"","background-media":"","overlay-type":"","overlay-color":"","overlay-opacity":"","overlay-gradient":""}},"footnotes":""},"class_list":["post-37531","page","type-page","status-publish","hentry"],"acf":[],"yoast_head":"<!-- This site is optimized with the Yoast SEO plugin v27.2 - https:\/\/yoast.com\/product\/yoast-seo-wordpress\/ -->\n<title>obtenir cotitzaci\u00f3 - Barcelonesa<\/title>\n<meta name=\"robots\" content=\"index, follow, max-snippet:-1, max-image-preview:large, max-video-preview:-1\" \/>\n<link rel=\"canonical\" href=\"https:\/\/www.barcelonesa.com\/ca\/obtenir-cotitzacio\/\" \/>\n<meta property=\"og:locale\" content=\"ca_ES\" \/>\n<meta property=\"og:type\" content=\"article\" \/>\n<meta property=\"og:title\" content=\"obtenir cotitzaci\u00f3 - Barcelonesa\" \/>\n<meta property=\"og:description\" content=\"Obtenir cotitzaci\u00f3 Demana cotitzaci\u00f3 del producte que necessites Posa\u2019t en contacte amb nosaltres indicant el producte que est\u00e0s buscant, les quantitats i l\u2019INCOTERM perqu\u00e8 els nostres agents puguin enviar-te una cotitzaci\u00f3 a mida de les teves necessitats. Podem proveir-te pr\u00e0cticament qualsevol producte qu\u00edmic a nivell global.\" \/>\n<meta property=\"og:url\" content=\"https:\/\/www.barcelonesa.com\/ca\/obtenir-cotitzacio\/\" \/>\n<meta property=\"og:site_name\" content=\"Barcelonesa\" \/>\n<meta property=\"article:modified_time\" content=\"2023-11-09T16:57:11+00:00\" \/>\n<meta name=\"twitter:card\" content=\"summary_large_image\" \/>\n<script type=\"application\/ld+json\" class=\"yoast-schema-graph\">{\"@context\":\"https:\/\/schema.org\",\"@graph\":[{\"@type\":\"WebPage\",\"@id\":\"https:\/\/www.barcelonesa.com\/ca\/obtenir-cotitzacio\/\",\"url\":\"https:\/\/www.barcelonesa.com\/ca\/obtenir-cotitzacio\/\",\"name\":\"obtenir cotitzaci\u00f3 - Barcelonesa\",\"isPartOf\":{\"@id\":\"https:\/\/www.barcelonesa.com\/ca\/#website\"},\"datePublished\":\"2023-11-03T13:47:50+00:00\",\"dateModified\":\"2023-11-09T16:57:11+00:00\",\"breadcrumb\":{\"@id\":\"https:\/\/www.barcelonesa.com\/ca\/obtenir-cotitzacio\/#breadcrumb\"},\"inLanguage\":\"ca\",\"potentialAction\":[{\"@type\":\"ReadAction\",\"target\":[\"https:\/\/www.barcelonesa.com\/ca\/obtenir-cotitzacio\/\"]}]},{\"@type\":\"BreadcrumbList\",\"@id\":\"https:\/\/www.barcelonesa.com\/ca\/obtenir-cotitzacio\/#breadcrumb\",\"itemListElement\":[{\"@type\":\"ListItem\",\"position\":1,\"name\":\"Home\",\"item\":\"https:\/\/www.barcelonesa.com\/ca\/\"},{\"@type\":\"ListItem\",\"position\":2,\"name\":\"obtenir cotitzaci\u00f3\"}]},{\"@type\":\"WebSite\",\"@id\":\"https:\/\/www.barcelonesa.com\/ca\/#website\",\"url\":\"https:\/\/www.barcelonesa.com\/ca\/\",\"name\":\"Barcelonesa\",\"description\":\"Tu partner global de productos y especialidades qu\u00edmicas, est\u00e9s donde est\u00e9s.\",\"publisher\":{\"@id\":\"https:\/\/www.barcelonesa.com\/ca\/#organization\"},\"potentialAction\":[{\"@type\":\"SearchAction\",\"target\":{\"@type\":\"EntryPoint\",\"urlTemplate\":\"https:\/\/www.barcelonesa.com\/ca\/?s={search_term_string}\"},\"query-input\":{\"@type\":\"PropertyValueSpecification\",\"valueRequired\":true,\"valueName\":\"search_term_string\"}}],\"inLanguage\":\"ca\"},{\"@type\":\"Organization\",\"@id\":\"https:\/\/www.barcelonesa.com\/ca\/#organization\",\"name\":\"Barcelonesa\",\"url\":\"https:\/\/www.barcelonesa.com\/ca\/\",\"logo\":{\"@type\":\"ImageObject\",\"inLanguage\":\"ca\",\"@id\":\"https:\/\/www.barcelonesa.com\/ca\/#\/schema\/logo\/image\/\",\"url\":\"https:\/\/www.barcelonesa.com\/wp-content\/uploads\/2023\/09\/logo_header.svg\",\"contentUrl\":\"https:\/\/www.barcelonesa.com\/wp-content\/uploads\/2023\/09\/logo_header.svg\",\"width\":230,\"height\":44,\"caption\":\"Barcelonesa\"},\"image\":{\"@id\":\"https:\/\/www.barcelonesa.com\/ca\/#\/schema\/logo\/image\/\"},\"sameAs\":[\"https:\/\/www.linkedin.com\/company\/barcelonesa-chemicals\"]}]}<\/script>\n<!-- \/ Yoast SEO plugin. -->","yoast_head_json":{"title":"obtenir cotitzaci\u00f3 - Barcelonesa","robots":{"index":"index","follow":"follow","max-snippet":"max-snippet:-1","max-image-preview":"max-image-preview:large","max-video-preview":"max-video-preview:-1"},"canonical":"https:\/\/www.barcelonesa.com\/ca\/obtenir-cotitzacio\/","og_locale":"ca_ES","og_type":"article","og_title":"obtenir cotitzaci\u00f3 - Barcelonesa","og_description":"Obtenir cotitzaci\u00f3 Demana cotitzaci\u00f3 del producte que necessites Posa\u2019t en contacte amb nosaltres indicant el producte que est\u00e0s buscant, les quantitats i l\u2019INCOTERM perqu\u00e8 els nostres agents puguin enviar-te una cotitzaci\u00f3 a mida de les teves necessitats. Podem proveir-te pr\u00e0cticament qualsevol producte qu\u00edmic a nivell global.","og_url":"https:\/\/www.barcelonesa.com\/ca\/obtenir-cotitzacio\/","og_site_name":"Barcelonesa","article_modified_time":"2023-11-09T16:57:11+00:00","twitter_card":"summary_large_image","schema":{"@context":"https:\/\/schema.org","@graph":[{"@type":"WebPage","@id":"https:\/\/www.barcelonesa.com\/ca\/obtenir-cotitzacio\/","url":"https:\/\/www.barcelonesa.com\/ca\/obtenir-cotitzacio\/","name":"obtenir cotitzaci\u00f3 - Barcelonesa","isPartOf":{"@id":"https:\/\/www.barcelonesa.com\/ca\/#website"},"datePublished":"2023-11-03T13:47:50+00:00","dateModified":"2023-11-09T16:57:11+00:00","breadcrumb":{"@id":"https:\/\/www.barcelonesa.com\/ca\/obtenir-cotitzacio\/#breadcrumb"},"inLanguage":"ca","potentialAction":[{"@type":"ReadAction","target":["https:\/\/www.barcelonesa.com\/ca\/obtenir-cotitzacio\/"]}]},{"@type":"BreadcrumbList","@id":"https:\/\/www.barcelonesa.com\/ca\/obtenir-cotitzacio\/#breadcrumb","itemListElement":[{"@type":"ListItem","position":1,"name":"Home","item":"https:\/\/www.barcelonesa.com\/ca\/"},{"@type":"ListItem","position":2,"name":"obtenir cotitzaci\u00f3"}]},{"@type":"WebSite","@id":"https:\/\/www.barcelonesa.com\/ca\/#website","url":"https:\/\/www.barcelonesa.com\/ca\/","name":"Barcelonesa","description":"Tu partner global de productos y especialidades qu\u00edmicas, est\u00e9s donde est\u00e9s.","publisher":{"@id":"https:\/\/www.barcelonesa.com\/ca\/#organization"},"potentialAction":[{"@type":"SearchAction","target":{"@type":"EntryPoint","urlTemplate":"https:\/\/www.barcelonesa.com\/ca\/?s={search_term_string}"},"query-input":{"@type":"PropertyValueSpecification","valueRequired":true,"valueName":"search_term_string"}}],"inLanguage":"ca"},{"@type":"Organization","@id":"https:\/\/www.barcelonesa.com\/ca\/#organization","name":"Barcelonesa","url":"https:\/\/www.barcelonesa.com\/ca\/","logo":{"@type":"ImageObject","inLanguage":"ca","@id":"https:\/\/www.barcelonesa.com\/ca\/#\/schema\/logo\/image\/","url":"https:\/\/www.barcelonesa.com\/wp-content\/uploads\/2023\/09\/logo_header.svg","contentUrl":"https:\/\/www.barcelonesa.com\/wp-content\/uploads\/2023\/09\/logo_header.svg","width":230,"height":44,"caption":"Barcelonesa"},"image":{"@id":"https:\/\/www.barcelonesa.com\/ca\/#\/schema\/logo\/image\/"},"sameAs":["https:\/\/www.linkedin.com\/company\/barcelonesa-chemicals"]}]}},"_links":{"self":[{"href":"https:\/\/www.barcelonesa.com\/ca\/wp-json\/wp\/v2\/pages\/37531","targetHints":{"allow":["GET"]}}],"collection":[{"href":"https:\/\/www.barcelonesa.com\/ca\/wp-json\/wp\/v2\/pages"}],"about":[{"href":"https:\/\/www.barcelonesa.com\/ca\/wp-json\/wp\/v2\/types\/page"}],"author":[{"embeddable":true,"href":"https:\/\/www.barcelonesa.com\/ca\/wp-json\/wp\/v2\/users\/10"}],"replies":[{"embeddable":true,"href":"https:\/\/www.barcelonesa.com\/ca\/wp-json\/wp\/v2\/comments?post=37531"}],"version-history":[{"count":2,"href":"https:\/\/www.barcelonesa.com\/ca\/wp-json\/wp\/v2\/pages\/37531\/revisions"}],"predecessor-version":[{"id":38073,"href":"https:\/\/www.barcelonesa.com\/ca\/wp-json\/wp\/v2\/pages\/37531\/revisions\/38073"}],"wp:attachment":[{"href":"https:\/\/www.barcelonesa.com\/ca\/wp-json\/wp\/v2\/media?parent=37531"}],"curies":[{"name":"wp","href":"https:\/\/api.w.org\/{rel}","templated":true}]}}