{"id":39691,"date":"2024-06-25T12:36:31","date_gmt":"2024-06-25T10:36:31","guid":{"rendered":"https:\/\/www.barcelonesa.com\/politica-de-cookies\/"},"modified":"2026-02-04T12:03:33","modified_gmt":"2026-02-04T11:03:33","slug":"politica-de-cookies","status":"publish","type":"page","link":"https:\/\/www.barcelonesa.com\/ca\/politica-de-cookies\/","title":{"rendered":"Pol\u00edtica de Cookies"},"content":{"rendered":"\t\t<div data-elementor-type=\"wp-page\" data-elementor-id=\"39691\" class=\"elementor elementor-39691 elementor-2591\" data-elementor-post-type=\"page\">\n\t\t\t\t\t\t<section class=\"elementor-section elementor-top-section elementor-element elementor-element-b9e6b2a elementor-section-boxed elementor-section-height-default elementor-section-height-default\" data-id=\"b9e6b2a\" data-element_type=\"section\" data-e-type=\"section\">\n\t\t\t\t\t\t<div class=\"elementor-container elementor-column-gap-default\">\n\t\t\t\t\t<div class=\"elementor-column elementor-col-100 elementor-top-column elementor-element elementor-element-e2f16f2\" data-id=\"e2f16f2\" data-element_type=\"column\" data-e-type=\"column\">\n\t\t\t<div class=\"elementor-widget-wrap elementor-element-populated\">\n\t\t\t\t\t\t<section class=\"elementor-section elementor-inner-section elementor-element elementor-element-89b4237 elementor-section-boxed elementor-section-height-default elementor-section-height-default\" data-id=\"89b4237\" data-element_type=\"section\" data-e-type=\"section\">\n\t\t\t\t\t\t<div class=\"elementor-container elementor-column-gap-default\">\n\t\t\t\t\t<div class=\"elementor-column elementor-col-50 elementor-inner-column elementor-element elementor-element-7dc0346\" data-id=\"7dc0346\" data-element_type=\"column\" data-e-type=\"column\">\n\t\t\t<div class=\"elementor-widget-wrap elementor-element-populated\">\n\t\t\t\t\t\t<div class=\"elementor-element elementor-element-314da11 elementor-widget__width-auto elementor-widget elementor-widget-heading\" data-id=\"314da11\" data-element_type=\"widget\" data-e-type=\"widget\" data-widget_type=\"heading.default\">\n\t\t\t\t<div class=\"elementor-widget-container\">\n\t\t\t\t\t<h2 class=\"elementor-heading-title elementor-size-default\">Pol\u00edtica de Cookies<\/h2>\t\t\t\t<\/div>\n\t\t\t\t<\/div>\n\t\t\t\t\t<\/div>\n\t\t<\/div>\n\t\t\t\t<div class=\"elementor-column elementor-col-50 elementor-inner-column elementor-element elementor-element-c4a10e4\" data-id=\"c4a10e4\" data-element_type=\"column\" data-e-type=\"column\">\n\t\t\t<div class=\"elementor-widget-wrap elementor-element-populated\">\n\t\t\t\t\t\t<div class=\"elementor-element elementor-element-c9bf876 elementor-align-right elementor-widget elementor-widget-breadcrumbs\" data-id=\"c9bf876\" data-element_type=\"widget\" data-e-type=\"widget\" data-widget_type=\"breadcrumbs.default\">\n\t\t\t\t<div class=\"elementor-widget-container\">\n\t\t\t\t\t<p id=\"breadcrumbs\"><span><span><a href=\"https:\/\/www.barcelonesa.com\/ca\/\">Home<\/a><\/span><\/span><\/p>\t\t\t\t<\/div>\n\t\t\t\t<\/div>\n\t\t\t\t\t<\/div>\n\t\t<\/div>\n\t\t\t\t\t<\/div>\n\t\t<\/section>\n\t\t\t\t<div class=\"elementor-element elementor-element-3c0b4e0 elementor-widget elementor-widget-text-editor\" data-id=\"3c0b4e0\" data-element_type=\"widget\" data-e-type=\"widget\" data-widget_type=\"text-editor.default\">\n\t\t\t\t<div class=\"elementor-widget-container\">\n\t\t\t\t\t\t\t\t\t<p>El responsable del lloc web https:\/\/www.barcelonesa.com (el \u201cLloc web\u201d) \u00e9s BARCELONESA DE DROGAS Y PRODUCTOS QU\u00cdMICOS, S.A.U. que pot utilitzar una tecnologia denominada \u201ccookies\u201d amb la finalitat de poder recaptar informaci\u00f3 sobre l&#8217;\u00fas del Lloc web. L&#8217;informem que podr\u00edem utilitzar cookies amb la finalitat de facilitar la seva navegaci\u00f3 a trav\u00e9s del Lloc web, distingir-li d&#8217;altres usuaris, proporcionar-li una millor experi\u00e8ncia en l&#8217;\u00fas d&#8217;aquest, i identificar problemes per a millorar el nostre Lloc web. Aix\u00ed mateix, en cas que prest\u00e9s el seu consentiment, podr\u00edem utilitzar cookies que ens permetessin obtenir m\u00e9s informaci\u00f3 sobre les seves prefer\u00e8ncies i personalitzar el nostre Lloc web de conformitat amb els seus interessos individuals.<\/p><p>La present pol\u00edtica de cookies t\u00e9 per finalitat informar-lo de manera clara i precisa sobre les cookies que s&#8217;utilitzen en el nostre Lloc web a cada moment. En cas que vulgui recaptar m\u00e9s informaci\u00f3 sobre les cookies que utilitzem en el Lloc web, pot enviar un correu electr\u00f2nic a la seg\u00fcent adre\u00e7a: rgpd@grupbarcelonesa.com.<\/p><p><strong>COOKIES<\/strong><\/p><p>Una\u00a0cookie\u00a0\u00e9s un arxiu que es descarrega en el seu equip (ordinador o dispositiu m\u00f2bil) amb la finalitat d&#8217;emmagatzemar dades que podran ser actualitzats i recuperats per l&#8217;entitat responsable de la seva instal\u00b7laci\u00f3.<\/p><p>La informaci\u00f3 recaptada a trav\u00e9s de les cookies pot incloure la data i hora de visites al Lloc web, les p\u00e0gines visionades, el temps que ha estat en el nostre lloc web i els llocs visitats just abans i despr\u00e9s d&#8217;aquest.<\/p><p><strong>TIPUS DE COOKIES QUE ES PODEN USAR EN EL LLOC WEB.<\/strong><\/p><p><strong>Cookies de sessi\u00f3:<\/strong><\/p><p>S\u00f3n aquelles cookies que s\u00f3n enviades al seu ordinador i gestionades exclusivament per nosaltres per al millor funcionament de la Web. La informaci\u00f3 que recaptem s&#8217;empra per a millorar la qualitat del nostre servei i la seva experi\u00e8ncia com a usuari.<\/p><p><strong>Cookies persistents:<\/strong><\/p><p>Aquestes cookies romanen en el seu navegador m\u00e9s temps, permetent-nos recon\u00e8ixer-li com a visitant recurrent del Lloc web i adaptar el contingut per a oferir-li continguts que s&#8217;ajustin a les seves prefer\u00e8ncies.<\/p><p><strong>Cookies funcionals o t\u00e8cniques:<\/strong><\/p><p>Aquestes cookies permeten la navegaci\u00f3 de l&#8217;usuari a trav\u00e9s de la Web i la utilitzaci\u00f3 de les diferents opcions o serveis que en ella existeixin, com per exemple controlar el tr\u00e0nsit i la comunicaci\u00f3 de dades, identificar la sessi\u00f3, comptar visites, utilitzar elements de seguretat durant la navegaci\u00f3.<\/p><p><strong>Cookies de prefer\u00e8ncies o personalitzaci\u00f3:<\/strong><\/p><p>Aquestes cookies permeten recordar informaci\u00f3 perqu\u00e8 l&#8217;usuari accedeixi al servei amb determinades caracter\u00edstiques que poden diferenciar la seva experi\u00e8ncia de la d&#8217;altres usuaris, com per exemple l&#8217;idioma, l&#8217;aspecte o contingut del servei en funci\u00f3 del tipus de navegador a trav\u00e9s del qual l&#8217;usuari accedeix al servei o de la regi\u00f3 des de la qual s&#8217;accedeix.<\/p><p><strong>Cookies anal\u00edtiques o de mesurament:<\/strong><\/p><p>S\u00f3n aquelles que, tractades per nosaltres o per tercers, ens permeten quantificar el nombre d&#8217;usuaris i aix\u00ed realitzar el mesurament i an\u00e0lisi estad\u00edstica de la utilitzaci\u00f3 que fan els usuaris dels serveis oferts. Per a aix\u00f2 s&#8217;analitza la seva navegaci\u00f3 en la nostra Web amb la finalitat de millorar l&#8217;oferta dels nostres productes o serveis que li oferim.<\/p><p><strong>Cookies de m\u00e0rqueting o altres:<\/strong><\/p><p>S\u00f3n aquelles que, tractades per nosaltres o per tercers, ens permeten analitzar els seus h\u00e0bits de navegaci\u00f3 en Internet perqu\u00e8 puguem mostrar-li publicitat relacionada amb el seu perfil de navegaci\u00f3.<\/p><p>En concret, actualment utilitzem les seg\u00fcents cookies:<\/p><p><img fetchpriority=\"high\" decoding=\"async\" class=\"alignnone size-full wp-image-43400\" src=\"https:\/\/www.barcelonesa.com\/wp-content\/uploads\/2026\/02\/barcelonesa-cookies.jpg\" alt=\"\" width=\"1276\" height=\"812\" \/><\/p><p><strong>CONSENTIMENT<\/strong><\/p><p>Quan entre per primera vegada en la nostra web li apareixer\u00e0 un b\u00e0ner perqu\u00e8 pugui accedir i con\u00e8ixer les cookies que utilitza la nostra web i, si \u00e9s el cas, consentir el seu \u00fas. En cas de no acceptar les cookies, \u00fanicament seran instal\u00b7lades en el seu equip les cookies t\u00e8cniques que s\u00f3n les estrictament necess\u00e0ries per al funcionament del Lloc web.<\/p><p><strong>DESHABILITAR I BLOQUEJAR COOKIES O RETIRAR EL MEU CONSENTIMENT.<\/strong><\/p><p>En qualsevol cas, l&#8217;informem que, at\u00e8s que les cookies no Funcionals, no s\u00f3n imprescindibles per a l&#8217;\u00fas del nostre Lloc web, pot bloquejar-les o deshabilitar-les, a m\u00e9s, activant la configuraci\u00f3 del seu navegador que li permet rebutjar la instal\u00b7laci\u00f3 de totes les cookies o d&#8217;algunes d&#8217;elles. La pr\u00e0ctica majoria dels navegadors permeten advertir de la pres\u00e8ncia de cookies o rebutjar-les autom\u00e0ticament. Si les rebutja podr\u00e0 continuar usant el nostre Lloc web, encara que l&#8217;\u00fas d&#8217;alguns dels seus serveis podr\u00e0 ser limitat i per tant la seva experi\u00e8ncia en el nostre Lloc web menys satisfact\u00f2ria. Per a m\u00e9s informaci\u00f3 sobre l&#8217;eliminaci\u00f3, deshabilitaci\u00f3 o bloqueig de les cookies si us plau visiti:<\/p><p><a href=\"http:\/\/www.aboutcookies.org\/Default.aspx?page=2\">http:\/\/www.aboutcookies.org\/Default.aspx?page=2<\/a><\/p><p>Igualment pot trobar informaci\u00f3 sobre com fer-ho en els seg\u00fcents enlla\u00e7os depenent del navegador que utilitzi:<\/p><p><a href=\"https:\/\/support.mozilla.org\/es\/kb\/habilitar-y-deshabilitar-cookies-sitios-web-rastrear-preferencias\">https:\/\/support.mozilla.org\/es\/kb\/habilitar-y-deshabilitar-cookies-sitios-web-rastrear-preferencias<\/a><\/p><p><a href=\"http:\/\/support.google.com\/chrome\/bin\/answer.py?hl=es&amp;answer=95647\">http:\/\/support.google.com\/chrome\/bin\/answer.py?hl=es&amp;answer=95647<\/a><\/p><p><a href=\"https:\/\/support.microsoft.com\/es-es\/topic\/eliminar-y-administrar-cookies-168dab11-0753-043d-7c16-ede5947fc64d\">https:\/\/support.microsoft.com\/es-es\/topic\/eliminar-y-administrar-cookies-168dab11-0753-043d-7c16-ede5947fc64d<\/a><\/p><p><a href=\"http:\/\/support.apple.com\/kb\/ph5042\">http:\/\/support.apple.com\/kb\/ph5042<\/a><\/p><p><a href=\"http:\/\/help.opera.com\/Windows\/11.50\/es-ES\/cookies.html\">http:\/\/help.opera.com\/Windows\/11.50\/es-ES\/cookies.html<\/a><\/p><p>Si ho desitja pot veure els v\u00eddeos desenvolupats per l&#8217;Ag\u00e8ncia Espanyola de Protecci\u00f3 de Dades amb la finalitat d&#8217;explicar com configurar les opcions de privacitat des de diferents plataformes i equips. https:\/\/www.aepd.es\/<\/p><p><strong>CANVIS EN LA POL\u00cdTICA DE COOKIES<\/strong><\/p><p>\u00c9s possible que actualitzem la Pol\u00edtica de Cookies del nostre Lloc web, per aix\u00f2 li recomanem revisar aquesta pol\u00edtica cada vegada que accedeixi al nostre Lloc web amb l&#8217;objectiu d&#8217;estar adequadament informat sobre com i per a qu\u00e8 usem les cookies.<\/p><p>La Pol\u00edtica de Cookies es va actualitzar per \u00faltima vegada al maig de 2024.<\/p>\t\t\t\t\t\t\t\t<\/div>\n\t\t\t\t<\/div>\n\t\t\t\t\t<\/div>\n\t\t<\/div>\n\t\t\t\t\t<\/div>\n\t\t<\/section>\n\t\t\t\t<\/div>\n\t\t","protected":false},"excerpt":{"rendered":"<p>Pol\u00edtica de Cookies El responsable del lloc web https:\/\/www.barcelonesa.com (el \u201cLloc web\u201d) \u00e9s BARCELONESA DE DROGAS Y PRODUCTOS QU\u00cdMICOS, S.A.U. que pot utilitzar una tecnologia denominada \u201ccookies\u201d amb la finalitat de poder recaptar informaci\u00f3 sobre l&#8217;\u00fas del Lloc web. L&#8217;informem que podr\u00edem utilitzar cookies amb la finalitat de facilitar la seva navegaci\u00f3 a trav\u00e9s del [&hellip;]<\/p>\n","protected":false},"author":5,"featured_media":0,"parent":0,"menu_order":0,"comment_status":"closed","ping_status":"closed","template":"","meta":{"_acf_changed":false,"site-sidebar-layout":"no-sidebar","site-content-layout":"page-builder","ast-site-content-layout":"full-width-container","site-content-style":"unboxed","site-sidebar-style":"unboxed","ast-global-header-display":"","ast-banner-title-visibility":"","ast-main-header-display":"","ast-hfb-above-header-display":"","ast-hfb-below-header-display":"","ast-hfb-mobile-header-display":"","site-post-title":"disabled","ast-breadcrumbs-content":"","ast-featured-img":"disabled","footer-sml-layout":"","theme-transparent-header-meta":"default","adv-header-id-meta":"","stick-header-meta":"","header-above-stick-meta":"","header-main-stick-meta":"","header-below-stick-meta":"","astra-migrate-meta-layouts":"default","ast-page-background-enabled":"default","ast-page-background-meta":{"desktop":{"background-color":"var(--ast-global-color-4)","background-image":"","background-repeat":"repeat","background-position":"center center","background-size":"auto","background-attachment":"scroll","background-type":"","background-media":"","overlay-type":"","overlay-color":"","overlay-opacity":"","overlay-gradient":""},"tablet":{"background-color":"","background-image":"","background-repeat":"repeat","background-position":"center center","background-size":"auto","background-attachment":"scroll","background-type":"","background-media":"","overlay-type":"","overlay-color":"","overlay-opacity":"","overlay-gradient":""},"mobile":{"background-color":"","background-image":"","background-repeat":"repeat","background-position":"center center","background-size":"auto","background-attachment":"scroll","background-type":"","background-media":"","overlay-type":"","overlay-color":"","overlay-opacity":"","overlay-gradient":""}},"ast-content-background-meta":{"desktop":{"background-color":"var(--ast-global-color-5)","background-image":"","background-repeat":"repeat","background-position":"center center","background-size":"auto","background-attachment":"scroll","background-type":"","background-media":"","overlay-type":"","overlay-color":"","overlay-opacity":"","overlay-gradient":""},"tablet":{"background-color":"var(--ast-global-color-5)","background-image":"","background-repeat":"repeat","background-position":"center center","background-size":"auto","background-attachment":"scroll","background-type":"","background-media":"","overlay-type":"","overlay-color":"","overlay-opacity":"","overlay-gradient":""},"mobile":{"background-color":"var(--ast-global-color-5)","background-image":"","background-repeat":"repeat","background-position":"center center","background-size":"auto","background-attachment":"scroll","background-type":"","background-media":"","overlay-type":"","overlay-color":"","overlay-opacity":"","overlay-gradient":""}},"footnotes":""},"class_list":["post-39691","page","type-page","status-publish","hentry"],"acf":[],"yoast_head":"<!-- This site is optimized with the Yoast SEO plugin v27.2 - https:\/\/yoast.com\/product\/yoast-seo-wordpress\/ -->\n<title>Pol\u00edtica de Cookies - Barcelonesa<\/title>\n<meta name=\"robots\" content=\"index, follow, max-snippet:-1, max-image-preview:large, max-video-preview:-1\" \/>\n<link rel=\"canonical\" href=\"https:\/\/www.barcelonesa.com\/ca\/politica-de-cookies\/\" \/>\n<meta property=\"og:locale\" content=\"ca_ES\" \/>\n<meta property=\"og:type\" content=\"article\" \/>\n<meta property=\"og:title\" content=\"Pol\u00edtica de Cookies - Barcelonesa\" \/>\n<meta property=\"og:description\" content=\"Pol\u00edtica de Cookies El responsable del lloc web https:\/\/www.barcelonesa.com (el \u201cLloc web\u201d) \u00e9s BARCELONESA DE DROGAS Y PRODUCTOS QU\u00cdMICOS, S.A.U. que pot utilitzar una tecnologia denominada \u201ccookies\u201d amb la finalitat de poder recaptar informaci\u00f3 sobre l&#8217;\u00fas del Lloc web. L&#8217;informem que podr\u00edem utilitzar cookies amb la finalitat de facilitar la seva navegaci\u00f3 a trav\u00e9s del [&hellip;]\" \/>\n<meta property=\"og:url\" content=\"https:\/\/www.barcelonesa.com\/ca\/politica-de-cookies\/\" \/>\n<meta property=\"og:site_name\" content=\"Barcelonesa\" \/>\n<meta property=\"article:modified_time\" content=\"2026-02-04T11:03:33+00:00\" \/>\n<meta name=\"twitter:card\" content=\"summary_large_image\" \/>\n<meta name=\"twitter:label1\" content=\"Temps estimat de lectura\" \/>\n\t<meta name=\"twitter:data1\" content=\"5 minuts\" \/>\n<script type=\"application\/ld+json\" class=\"yoast-schema-graph\">{\"@context\":\"https:\/\/schema.org\",\"@graph\":[{\"@type\":\"WebPage\",\"@id\":\"https:\/\/www.barcelonesa.com\/ca\/politica-de-cookies\/\",\"url\":\"https:\/\/www.barcelonesa.com\/ca\/politica-de-cookies\/\",\"name\":\"Pol\u00edtica de Cookies - Barcelonesa\",\"isPartOf\":{\"@id\":\"https:\/\/www.barcelonesa.com\/ca\/#website\"},\"primaryImageOfPage\":{\"@id\":\"https:\/\/www.barcelonesa.com\/ca\/politica-de-cookies\/#primaryimage\"},\"image\":{\"@id\":\"https:\/\/www.barcelonesa.com\/ca\/politica-de-cookies\/#primaryimage\"},\"thumbnailUrl\":\"https:\/\/www.barcelonesa.com\/wp-content\/uploads\/2026\/02\/barcelonesa-cookies.jpg\",\"datePublished\":\"2024-06-25T10:36:31+00:00\",\"dateModified\":\"2026-02-04T11:03:33+00:00\",\"breadcrumb\":{\"@id\":\"https:\/\/www.barcelonesa.com\/ca\/politica-de-cookies\/#breadcrumb\"},\"inLanguage\":\"ca\",\"potentialAction\":[{\"@type\":\"ReadAction\",\"target\":[\"https:\/\/www.barcelonesa.com\/ca\/politica-de-cookies\/\"]}]},{\"@type\":\"ImageObject\",\"inLanguage\":\"ca\",\"@id\":\"https:\/\/www.barcelonesa.com\/ca\/politica-de-cookies\/#primaryimage\",\"url\":\"https:\/\/www.barcelonesa.com\/wp-content\/uploads\/2026\/02\/barcelonesa-cookies.jpg\",\"contentUrl\":\"https:\/\/www.barcelonesa.com\/wp-content\/uploads\/2026\/02\/barcelonesa-cookies.jpg\"},{\"@type\":\"BreadcrumbList\",\"@id\":\"https:\/\/www.barcelonesa.com\/ca\/politica-de-cookies\/#breadcrumb\",\"itemListElement\":[{\"@type\":\"ListItem\",\"position\":1,\"name\":\"Home\",\"item\":\"https:\/\/www.barcelonesa.com\/ca\/\"},{\"@type\":\"ListItem\",\"position\":2,\"name\":\"Pol\u00edtica de Cookies\"}]},{\"@type\":\"WebSite\",\"@id\":\"https:\/\/www.barcelonesa.com\/ca\/#website\",\"url\":\"https:\/\/www.barcelonesa.com\/ca\/\",\"name\":\"Barcelonesa\",\"description\":\"Tu partner global de productos y especialidades qu\u00edmicas, est\u00e9s donde est\u00e9s.\",\"publisher\":{\"@id\":\"https:\/\/www.barcelonesa.com\/ca\/#organization\"},\"potentialAction\":[{\"@type\":\"SearchAction\",\"target\":{\"@type\":\"EntryPoint\",\"urlTemplate\":\"https:\/\/www.barcelonesa.com\/ca\/?s={search_term_string}\"},\"query-input\":{\"@type\":\"PropertyValueSpecification\",\"valueRequired\":true,\"valueName\":\"search_term_string\"}}],\"inLanguage\":\"ca\"},{\"@type\":\"Organization\",\"@id\":\"https:\/\/www.barcelonesa.com\/ca\/#organization\",\"name\":\"Barcelonesa\",\"url\":\"https:\/\/www.barcelonesa.com\/ca\/\",\"logo\":{\"@type\":\"ImageObject\",\"inLanguage\":\"ca\",\"@id\":\"https:\/\/www.barcelonesa.com\/ca\/#\/schema\/logo\/image\/\",\"url\":\"https:\/\/www.barcelonesa.com\/wp-content\/uploads\/2023\/09\/logo_header.svg\",\"contentUrl\":\"https:\/\/www.barcelonesa.com\/wp-content\/uploads\/2023\/09\/logo_header.svg\",\"width\":230,\"height\":44,\"caption\":\"Barcelonesa\"},\"image\":{\"@id\":\"https:\/\/www.barcelonesa.com\/ca\/#\/schema\/logo\/image\/\"},\"sameAs\":[\"https:\/\/www.linkedin.com\/company\/barcelonesa-chemicals\"]}]}<\/script>\n<!-- \/ Yoast SEO plugin. -->","yoast_head_json":{"title":"Pol\u00edtica de Cookies - Barcelonesa","robots":{"index":"index","follow":"follow","max-snippet":"max-snippet:-1","max-image-preview":"max-image-preview:large","max-video-preview":"max-video-preview:-1"},"canonical":"https:\/\/www.barcelonesa.com\/ca\/politica-de-cookies\/","og_locale":"ca_ES","og_type":"article","og_title":"Pol\u00edtica de Cookies - Barcelonesa","og_description":"Pol\u00edtica de Cookies El responsable del lloc web https:\/\/www.barcelonesa.com (el \u201cLloc web\u201d) \u00e9s BARCELONESA DE DROGAS Y PRODUCTOS QU\u00cdMICOS, S.A.U. que pot utilitzar una tecnologia denominada \u201ccookies\u201d amb la finalitat de poder recaptar informaci\u00f3 sobre l&#8217;\u00fas del Lloc web. L&#8217;informem que podr\u00edem utilitzar cookies amb la finalitat de facilitar la seva navegaci\u00f3 a trav\u00e9s del [&hellip;]","og_url":"https:\/\/www.barcelonesa.com\/ca\/politica-de-cookies\/","og_site_name":"Barcelonesa","article_modified_time":"2026-02-04T11:03:33+00:00","twitter_card":"summary_large_image","twitter_misc":{"Temps estimat de lectura":"5 minuts"},"schema":{"@context":"https:\/\/schema.org","@graph":[{"@type":"WebPage","@id":"https:\/\/www.barcelonesa.com\/ca\/politica-de-cookies\/","url":"https:\/\/www.barcelonesa.com\/ca\/politica-de-cookies\/","name":"Pol\u00edtica de Cookies - Barcelonesa","isPartOf":{"@id":"https:\/\/www.barcelonesa.com\/ca\/#website"},"primaryImageOfPage":{"@id":"https:\/\/www.barcelonesa.com\/ca\/politica-de-cookies\/#primaryimage"},"image":{"@id":"https:\/\/www.barcelonesa.com\/ca\/politica-de-cookies\/#primaryimage"},"thumbnailUrl":"https:\/\/www.barcelonesa.com\/wp-content\/uploads\/2026\/02\/barcelonesa-cookies.jpg","datePublished":"2024-06-25T10:36:31+00:00","dateModified":"2026-02-04T11:03:33+00:00","breadcrumb":{"@id":"https:\/\/www.barcelonesa.com\/ca\/politica-de-cookies\/#breadcrumb"},"inLanguage":"ca","potentialAction":[{"@type":"ReadAction","target":["https:\/\/www.barcelonesa.com\/ca\/politica-de-cookies\/"]}]},{"@type":"ImageObject","inLanguage":"ca","@id":"https:\/\/www.barcelonesa.com\/ca\/politica-de-cookies\/#primaryimage","url":"https:\/\/www.barcelonesa.com\/wp-content\/uploads\/2026\/02\/barcelonesa-cookies.jpg","contentUrl":"https:\/\/www.barcelonesa.com\/wp-content\/uploads\/2026\/02\/barcelonesa-cookies.jpg"},{"@type":"BreadcrumbList","@id":"https:\/\/www.barcelonesa.com\/ca\/politica-de-cookies\/#breadcrumb","itemListElement":[{"@type":"ListItem","position":1,"name":"Home","item":"https:\/\/www.barcelonesa.com\/ca\/"},{"@type":"ListItem","position":2,"name":"Pol\u00edtica de Cookies"}]},{"@type":"WebSite","@id":"https:\/\/www.barcelonesa.com\/ca\/#website","url":"https:\/\/www.barcelonesa.com\/ca\/","name":"Barcelonesa","description":"Tu partner global de productos y especialidades qu\u00edmicas, est\u00e9s donde est\u00e9s.","publisher":{"@id":"https:\/\/www.barcelonesa.com\/ca\/#organization"},"potentialAction":[{"@type":"SearchAction","target":{"@type":"EntryPoint","urlTemplate":"https:\/\/www.barcelonesa.com\/ca\/?s={search_term_string}"},"query-input":{"@type":"PropertyValueSpecification","valueRequired":true,"valueName":"search_term_string"}}],"inLanguage":"ca"},{"@type":"Organization","@id":"https:\/\/www.barcelonesa.com\/ca\/#organization","name":"Barcelonesa","url":"https:\/\/www.barcelonesa.com\/ca\/","logo":{"@type":"ImageObject","inLanguage":"ca","@id":"https:\/\/www.barcelonesa.com\/ca\/#\/schema\/logo\/image\/","url":"https:\/\/www.barcelonesa.com\/wp-content\/uploads\/2023\/09\/logo_header.svg","contentUrl":"https:\/\/www.barcelonesa.com\/wp-content\/uploads\/2023\/09\/logo_header.svg","width":230,"height":44,"caption":"Barcelonesa"},"image":{"@id":"https:\/\/www.barcelonesa.com\/ca\/#\/schema\/logo\/image\/"},"sameAs":["https:\/\/www.linkedin.com\/company\/barcelonesa-chemicals"]}]}},"_links":{"self":[{"href":"https:\/\/www.barcelonesa.com\/ca\/wp-json\/wp\/v2\/pages\/39691","targetHints":{"allow":["GET"]}}],"collection":[{"href":"https:\/\/www.barcelonesa.com\/ca\/wp-json\/wp\/v2\/pages"}],"about":[{"href":"https:\/\/www.barcelonesa.com\/ca\/wp-json\/wp\/v2\/types\/page"}],"author":[{"embeddable":true,"href":"https:\/\/www.barcelonesa.com\/ca\/wp-json\/wp\/v2\/users\/5"}],"replies":[{"embeddable":true,"href":"https:\/\/www.barcelonesa.com\/ca\/wp-json\/wp\/v2\/comments?post=39691"}],"version-history":[{"count":4,"href":"https:\/\/www.barcelonesa.com\/ca\/wp-json\/wp\/v2\/pages\/39691\/revisions"}],"predecessor-version":[{"id":43403,"href":"https:\/\/www.barcelonesa.com\/ca\/wp-json\/wp\/v2\/pages\/39691\/revisions\/43403"}],"wp:attachment":[{"href":"https:\/\/www.barcelonesa.com\/ca\/wp-json\/wp\/v2\/media?parent=39691"}],"curies":[{"name":"wp","href":"https:\/\/api.w.org\/{rel}","templated":true}]}}