{"id":9816,"date":"2021-04-21T11:59:37","date_gmt":"2021-04-21T09:59:37","guid":{"rendered":"https:\/\/www.barcelonesa.com\/?page_id=9816"},"modified":"2025-06-12T13:19:41","modified_gmt":"2025-06-12T11:19:41","slug":"formulario-cotizacion","status":"publish","type":"page","link":"https:\/\/www.barcelonesa.com\/es\/formulario-cotizacion\/","title":{"rendered":"Obtener cotizaci\u00f3n"},"content":{"rendered":"\t\t<div data-elementor-type=\"wp-page\" data-elementor-id=\"9816\" class=\"elementor elementor-9816\" data-elementor-post-type=\"page\">\n\t\t\t\t\t\t<section class=\"elementor-section elementor-top-section elementor-element elementor-element-61150e94 elementor-section-full_width elementor-section-height-default elementor-section-height-default\" data-id=\"61150e94\" data-element_type=\"section\" data-e-type=\"section\">\n\t\t\t\t\t\t<div class=\"elementor-container elementor-column-gap-no\">\n\t\t\t\t\t<div class=\"elementor-column elementor-col-100 elementor-top-column elementor-element elementor-element-3c4db021\" data-id=\"3c4db021\" data-element_type=\"column\" data-e-type=\"column\">\n\t\t\t<div class=\"elementor-widget-wrap elementor-element-populated\">\n\t\t\t\t\t\t<section class=\"elementor-section elementor-inner-section elementor-element elementor-element-46ef2fc2 elementor-section-full_width elementor-section-height-min-height elementor-section-content-middle elementor-section-height-default\" data-id=\"46ef2fc2\" data-element_type=\"section\" data-e-type=\"section\" data-settings=\"{&quot;background_background&quot;:&quot;classic&quot;}\">\n\t\t\t\t\t\t\t<div class=\"elementor-background-overlay\"><\/div>\n\t\t\t\t\t\t\t<div class=\"elementor-container elementor-column-gap-no\">\n\t\t\t\t\t<div class=\"elementor-column elementor-col-50 elementor-inner-column elementor-element elementor-element-30063bc8\" data-id=\"30063bc8\" data-element_type=\"column\" data-e-type=\"column\">\n\t\t\t<div class=\"elementor-widget-wrap elementor-element-populated\">\n\t\t\t\t\t\t<div class=\"elementor-element elementor-element-bf76cb5 elementor-widget__width-initial elementor-widget elementor-widget-heading\" data-id=\"bf76cb5\" data-element_type=\"widget\" data-e-type=\"widget\" data-widget_type=\"heading.default\">\n\t\t\t\t<div class=\"elementor-widget-container\">\n\t\t\t\t\t<h1 class=\"elementor-heading-title elementor-size-default\">Obtener Cotizaci\u00f3n<\/h1>\t\t\t\t<\/div>\n\t\t\t\t<\/div>\n\t\t\t\t\t<\/div>\n\t\t<\/div>\n\t\t\t\t<div class=\"elementor-column elementor-col-50 elementor-inner-column elementor-element elementor-element-7ff9d0bf\" data-id=\"7ff9d0bf\" data-element_type=\"column\" data-e-type=\"column\">\n\t\t\t<div class=\"elementor-widget-wrap\">\n\t\t\t\t\t\t\t<\/div>\n\t\t<\/div>\n\t\t\t\t\t<\/div>\n\t\t<\/section>\n\t\t\t\t\t<\/div>\n\t\t<\/div>\n\t\t\t\t\t<\/div>\n\t\t<\/section>\n\t\t\t\t<section class=\"elementor-section elementor-top-section elementor-element elementor-element-7ea5038f elementor-section-full_width datos_form elementor-section-height-default elementor-section-height-default\" data-id=\"7ea5038f\" data-element_type=\"section\" data-e-type=\"section\">\n\t\t\t\t\t\t<div class=\"elementor-container elementor-column-gap-default\">\n\t\t\t\t\t<div class=\"elementor-column elementor-col-50 elementor-top-column elementor-element elementor-element-388c59dc\" data-id=\"388c59dc\" data-element_type=\"column\" data-e-type=\"column\" data-settings=\"{&quot;background_background&quot;:&quot;classic&quot;}\">\n\t\t\t<div class=\"elementor-widget-wrap elementor-element-populated\">\n\t\t\t\t\t\t<div class=\"elementor-element elementor-element-f9cb807 elementor-widget elementor-widget-heading\" data-id=\"f9cb807\" data-element_type=\"widget\" data-e-type=\"widget\" data-widget_type=\"heading.default\">\n\t\t\t\t<div class=\"elementor-widget-container\">\n\t\t\t\t\t<h2 class=\"elementor-heading-title elementor-size-default\">Solicita cotizaci\u00f3n del producto que necesitas<\/h2>\t\t\t\t<\/div>\n\t\t\t\t<\/div>\n\t\t\t\t<div class=\"elementor-element elementor-element-23f5010 elementor-widget elementor-widget-text-editor\" data-id=\"23f5010\" data-element_type=\"widget\" data-e-type=\"widget\" data-widget_type=\"text-editor.default\">\n\t\t\t\t<div class=\"elementor-widget-container\">\n\t\t\t\t\t\t\t\t\t<p>Ponte en contacto con nosotros indicando el producto que est\u00e1s buscando, las cantidades y el INCOTERM para que nuestros agentes puedan enviarte una cotizaci\u00f3n a medida de tus necesidades. Podemos proveerte pr\u00e1cticamente cualquier producto qu\u00edmico a nivel global.\u00a0<\/p>\t\t\t\t\t\t\t\t<\/div>\n\t\t\t\t<\/div>\n\t\t\t\t\t<\/div>\n\t\t<\/div>\n\t\t\t\t<div class=\"elementor-column elementor-col-50 elementor-top-column elementor-element elementor-element-1473df4\" data-id=\"1473df4\" data-element_type=\"column\" data-e-type=\"column\">\n\t\t\t<div class=\"elementor-widget-wrap elementor-element-populated\">\n\t\t\t\t\t\t<div class=\"elementor-element elementor-element-4692004 elementor-widget__width-inherit elementor-widget elementor-widget-html\" data-id=\"4692004\" data-element_type=\"widget\" data-e-type=\"widget\" data-widget_type=\"html.default\">\n\t\t\t\t<div class=\"elementor-widget-container\">\n\t\t\t\t\t<iframe id=\"form-cotizacion-es\" src=\"https:\/\/www2.grupbarcelonesa.com\/l\/914241\/2021-03-23\/2m2g?FormPage=Cotizacion-ES\" width=\"100%\" height=\"900\" type=\"text\/html\" frameborder=\"0\" allowTransparency=\"true\" style=\"border: 0\"><\/iframe>\t\t\t\t<\/div>\n\t\t\t\t<\/div>\n\t\t\t\t\t<\/div>\n\t\t<\/div>\n\t\t\t\t\t<\/div>\n\t\t<\/section>\n\t\t\t\t<\/div>\n\t\t","protected":false},"excerpt":{"rendered":"<p>Obtener Cotizaci\u00f3n Solicita cotizaci\u00f3n del producto que necesitas Ponte en contacto con nosotros indicando el producto que est\u00e1s buscando, las cantidades y el INCOTERM para que nuestros agentes puedan enviarte una cotizaci\u00f3n a medida de tus necesidades. Podemos proveerte pr\u00e1cticamente cualquier producto qu\u00edmico a nivel global.\u00a0<\/p>\n","protected":false},"author":10,"featured_media":0,"parent":0,"menu_order":0,"comment_status":"closed","ping_status":"closed","template":"","meta":{"_acf_changed":false,"site-sidebar-layout":"no-sidebar","site-content-layout":"page-builder","ast-site-content-layout":"","site-content-style":"default","site-sidebar-style":"default","ast-global-header-display":"","ast-banner-title-visibility":"","ast-main-header-display":"","ast-hfb-above-header-display":"","ast-hfb-below-header-display":"","ast-hfb-mobile-header-display":"","site-post-title":"disabled","ast-breadcrumbs-content":"","ast-featured-img":"disabled","footer-sml-layout":"","theme-transparent-header-meta":"default","adv-header-id-meta":"","stick-header-meta":"","header-above-stick-meta":"","header-main-stick-meta":"","header-below-stick-meta":"","astra-migrate-meta-layouts":"default","ast-page-background-enabled":"default","ast-page-background-meta":{"desktop":{"background-color":"var(--ast-global-color-4)","background-image":"","background-repeat":"repeat","background-position":"center center","background-size":"auto","background-attachment":"scroll","background-type":"","background-media":"","overlay-type":"","overlay-color":"","overlay-opacity":"","overlay-gradient":""},"tablet":{"background-color":"","background-image":"","background-repeat":"repeat","background-position":"center center","background-size":"auto","background-attachment":"scroll","background-type":"","background-media":"","overlay-type":"","overlay-color":"","overlay-opacity":"","overlay-gradient":""},"mobile":{"background-color":"","background-image":"","background-repeat":"repeat","background-position":"center center","background-size":"auto","background-attachment":"scroll","background-type":"","background-media":"","overlay-type":"","overlay-color":"","overlay-opacity":"","overlay-gradient":""}},"ast-content-background-meta":{"desktop":{"background-color":"var(--ast-global-color-5)","background-image":"","background-repeat":"repeat","background-position":"center center","background-size":"auto","background-attachment":"scroll","background-type":"","background-media":"","overlay-type":"","overlay-color":"","overlay-opacity":"","overlay-gradient":""},"tablet":{"background-color":"var(--ast-global-color-5)","background-image":"","background-repeat":"repeat","background-position":"center center","background-size":"auto","background-attachment":"scroll","background-type":"","background-media":"","overlay-type":"","overlay-color":"","overlay-opacity":"","overlay-gradient":""},"mobile":{"background-color":"var(--ast-global-color-5)","background-image":"","background-repeat":"repeat","background-position":"center center","background-size":"auto","background-attachment":"scroll","background-type":"","background-media":"","overlay-type":"","overlay-color":"","overlay-opacity":"","overlay-gradient":""}},"footnotes":""},"class_list":["post-9816","page","type-page","status-publish","hentry"],"acf":[],"yoast_head":"<!-- This site is optimized with the Yoast SEO plugin v27.5 - https:\/\/yoast.com\/product\/yoast-seo-wordpress\/ -->\n<title>Obtener cotizaci\u00f3n - Barcelonesa<\/title>\n<meta name=\"robots\" content=\"index, follow, max-snippet:-1, max-image-preview:large, max-video-preview:-1\" \/>\n<link rel=\"canonical\" href=\"https:\/\/www.barcelonesa.com\/es\/formulario-cotizacion\/\" \/>\n<meta property=\"og:locale\" content=\"es_ES\" \/>\n<meta property=\"og:type\" content=\"article\" \/>\n<meta property=\"og:title\" content=\"Obtener cotizaci\u00f3n - Barcelonesa\" \/>\n<meta property=\"og:description\" content=\"Obtener Cotizaci\u00f3n Solicita cotizaci\u00f3n del producto que necesitas Ponte en contacto con nosotros indicando el producto que est\u00e1s buscando, las cantidades y el INCOTERM para que nuestros agentes puedan enviarte una cotizaci\u00f3n a medida de tus necesidades. Podemos proveerte pr\u00e1cticamente cualquier producto qu\u00edmico a nivel global.\u00a0\" \/>\n<meta property=\"og:url\" content=\"https:\/\/www.barcelonesa.com\/es\/formulario-cotizacion\/\" \/>\n<meta property=\"og:site_name\" content=\"Barcelonesa\" \/>\n<meta property=\"article:modified_time\" content=\"2025-06-12T11:19:41+00:00\" \/>\n<meta name=\"twitter:card\" content=\"summary_large_image\" \/>\n<meta name=\"twitter:label1\" content=\"Tiempo de lectura\" \/>\n\t<meta name=\"twitter:data1\" content=\"1 minuto\" \/>\n<script type=\"application\/ld+json\" class=\"yoast-schema-graph\">{\"@context\":\"https:\\\/\\\/schema.org\",\"@graph\":[{\"@type\":\"WebPage\",\"@id\":\"https:\\\/\\\/www.barcelonesa.com\\\/es\\\/formulario-cotizacion\\\/\",\"url\":\"https:\\\/\\\/www.barcelonesa.com\\\/es\\\/formulario-cotizacion\\\/\",\"name\":\"Obtener cotizaci\u00f3n - Barcelonesa\",\"isPartOf\":{\"@id\":\"https:\\\/\\\/www.barcelonesa.com\\\/es\\\/#website\"},\"datePublished\":\"2021-04-21T09:59:37+00:00\",\"dateModified\":\"2025-06-12T11:19:41+00:00\",\"breadcrumb\":{\"@id\":\"https:\\\/\\\/www.barcelonesa.com\\\/es\\\/formulario-cotizacion\\\/#breadcrumb\"},\"inLanguage\":\"es\",\"potentialAction\":[{\"@type\":\"ReadAction\",\"target\":[\"https:\\\/\\\/www.barcelonesa.com\\\/es\\\/formulario-cotizacion\\\/\"]}]},{\"@type\":\"BreadcrumbList\",\"@id\":\"https:\\\/\\\/www.barcelonesa.com\\\/es\\\/formulario-cotizacion\\\/#breadcrumb\",\"itemListElement\":[{\"@type\":\"ListItem\",\"position\":1,\"name\":\"Home\",\"item\":\"https:\\\/\\\/www.barcelonesa.com\\\/es\\\/\"},{\"@type\":\"ListItem\",\"position\":2,\"name\":\"Obtener cotizaci\u00f3n\"}]},{\"@type\":\"WebSite\",\"@id\":\"https:\\\/\\\/www.barcelonesa.com\\\/es\\\/#website\",\"url\":\"https:\\\/\\\/www.barcelonesa.com\\\/es\\\/\",\"name\":\"Barcelonesa\",\"description\":\"Tu partner global de productos y especialidades qu\u00edmicas, est\u00e9s donde est\u00e9s.\",\"publisher\":{\"@id\":\"https:\\\/\\\/www.barcelonesa.com\\\/es\\\/#organization\"},\"potentialAction\":[{\"@type\":\"SearchAction\",\"target\":{\"@type\":\"EntryPoint\",\"urlTemplate\":\"https:\\\/\\\/www.barcelonesa.com\\\/es\\\/?s={search_term_string}\"},\"query-input\":{\"@type\":\"PropertyValueSpecification\",\"valueRequired\":true,\"valueName\":\"search_term_string\"}}],\"inLanguage\":\"es\"},{\"@type\":\"Organization\",\"@id\":\"https:\\\/\\\/www.barcelonesa.com\\\/es\\\/#organization\",\"name\":\"Barcelonesa\",\"url\":\"https:\\\/\\\/www.barcelonesa.com\\\/es\\\/\",\"logo\":{\"@type\":\"ImageObject\",\"inLanguage\":\"es\",\"@id\":\"https:\\\/\\\/www.barcelonesa.com\\\/es\\\/#\\\/schema\\\/logo\\\/image\\\/\",\"url\":\"https:\\\/\\\/www.barcelonesa.com\\\/wp-content\\\/uploads\\\/2023\\\/09\\\/logo_header.svg\",\"contentUrl\":\"https:\\\/\\\/www.barcelonesa.com\\\/wp-content\\\/uploads\\\/2023\\\/09\\\/logo_header.svg\",\"width\":230,\"height\":44,\"caption\":\"Barcelonesa\"},\"image\":{\"@id\":\"https:\\\/\\\/www.barcelonesa.com\\\/es\\\/#\\\/schema\\\/logo\\\/image\\\/\"},\"sameAs\":[\"https:\\\/\\\/www.linkedin.com\\\/company\\\/barcelonesa-chemicals\"]}]}<\/script>\n<!-- \/ Yoast SEO plugin. -->","yoast_head_json":{"title":"Obtener cotizaci\u00f3n - Barcelonesa","robots":{"index":"index","follow":"follow","max-snippet":"max-snippet:-1","max-image-preview":"max-image-preview:large","max-video-preview":"max-video-preview:-1"},"canonical":"https:\/\/www.barcelonesa.com\/es\/formulario-cotizacion\/","og_locale":"es_ES","og_type":"article","og_title":"Obtener cotizaci\u00f3n - Barcelonesa","og_description":"Obtener Cotizaci\u00f3n Solicita cotizaci\u00f3n del producto que necesitas Ponte en contacto con nosotros indicando el producto que est\u00e1s buscando, las cantidades y el INCOTERM para que nuestros agentes puedan enviarte una cotizaci\u00f3n a medida de tus necesidades. Podemos proveerte pr\u00e1cticamente cualquier producto qu\u00edmico a nivel global.\u00a0","og_url":"https:\/\/www.barcelonesa.com\/es\/formulario-cotizacion\/","og_site_name":"Barcelonesa","article_modified_time":"2025-06-12T11:19:41+00:00","twitter_card":"summary_large_image","twitter_misc":{"Tiempo de lectura":"1 minuto"},"schema":{"@context":"https:\/\/schema.org","@graph":[{"@type":"WebPage","@id":"https:\/\/www.barcelonesa.com\/es\/formulario-cotizacion\/","url":"https:\/\/www.barcelonesa.com\/es\/formulario-cotizacion\/","name":"Obtener cotizaci\u00f3n - Barcelonesa","isPartOf":{"@id":"https:\/\/www.barcelonesa.com\/es\/#website"},"datePublished":"2021-04-21T09:59:37+00:00","dateModified":"2025-06-12T11:19:41+00:00","breadcrumb":{"@id":"https:\/\/www.barcelonesa.com\/es\/formulario-cotizacion\/#breadcrumb"},"inLanguage":"es","potentialAction":[{"@type":"ReadAction","target":["https:\/\/www.barcelonesa.com\/es\/formulario-cotizacion\/"]}]},{"@type":"BreadcrumbList","@id":"https:\/\/www.barcelonesa.com\/es\/formulario-cotizacion\/#breadcrumb","itemListElement":[{"@type":"ListItem","position":1,"name":"Home","item":"https:\/\/www.barcelonesa.com\/es\/"},{"@type":"ListItem","position":2,"name":"Obtener cotizaci\u00f3n"}]},{"@type":"WebSite","@id":"https:\/\/www.barcelonesa.com\/es\/#website","url":"https:\/\/www.barcelonesa.com\/es\/","name":"Barcelonesa","description":"Tu partner global de productos y especialidades qu\u00edmicas, est\u00e9s donde est\u00e9s.","publisher":{"@id":"https:\/\/www.barcelonesa.com\/es\/#organization"},"potentialAction":[{"@type":"SearchAction","target":{"@type":"EntryPoint","urlTemplate":"https:\/\/www.barcelonesa.com\/es\/?s={search_term_string}"},"query-input":{"@type":"PropertyValueSpecification","valueRequired":true,"valueName":"search_term_string"}}],"inLanguage":"es"},{"@type":"Organization","@id":"https:\/\/www.barcelonesa.com\/es\/#organization","name":"Barcelonesa","url":"https:\/\/www.barcelonesa.com\/es\/","logo":{"@type":"ImageObject","inLanguage":"es","@id":"https:\/\/www.barcelonesa.com\/es\/#\/schema\/logo\/image\/","url":"https:\/\/www.barcelonesa.com\/wp-content\/uploads\/2023\/09\/logo_header.svg","contentUrl":"https:\/\/www.barcelonesa.com\/wp-content\/uploads\/2023\/09\/logo_header.svg","width":230,"height":44,"caption":"Barcelonesa"},"image":{"@id":"https:\/\/www.barcelonesa.com\/es\/#\/schema\/logo\/image\/"},"sameAs":["https:\/\/www.linkedin.com\/company\/barcelonesa-chemicals"]}]}},"_links":{"self":[{"href":"https:\/\/www.barcelonesa.com\/es\/wp-json\/wp\/v2\/pages\/9816","targetHints":{"allow":["GET"]}}],"collection":[{"href":"https:\/\/www.barcelonesa.com\/es\/wp-json\/wp\/v2\/pages"}],"about":[{"href":"https:\/\/www.barcelonesa.com\/es\/wp-json\/wp\/v2\/types\/page"}],"author":[{"embeddable":true,"href":"https:\/\/www.barcelonesa.com\/es\/wp-json\/wp\/v2\/users\/10"}],"replies":[{"embeddable":true,"href":"https:\/\/www.barcelonesa.com\/es\/wp-json\/wp\/v2\/comments?post=9816"}],"version-history":[{"count":10,"href":"https:\/\/www.barcelonesa.com\/es\/wp-json\/wp\/v2\/pages\/9816\/revisions"}],"predecessor-version":[{"id":42070,"href":"https:\/\/www.barcelonesa.com\/es\/wp-json\/wp\/v2\/pages\/9816\/revisions\/42070"}],"wp:attachment":[{"href":"https:\/\/www.barcelonesa.com\/es\/wp-json\/wp\/v2\/media?parent=9816"}],"curies":[{"name":"wp","href":"https:\/\/api.w.org\/{rel}","templated":true}]}}