{"id":37741,"date":"2023-11-07T09:23:10","date_gmt":"2023-11-07T08:23:10","guid":{"rendered":"https:\/\/www.barcelonesa.com\/demander-un-devis\/"},"modified":"2023-11-09T17:57:12","modified_gmt":"2023-11-09T16:57:12","slug":"demander-un-devis","status":"publish","type":"page","link":"https:\/\/www.barcelonesa.com\/fr\/demander-un-devis\/","title":{"rendered":"Demander un devis"},"content":{"rendered":"\t\t<div data-elementor-type=\"wp-page\" data-elementor-id=\"37741\" class=\"elementor elementor-37741 elementor-9816\" data-elementor-post-type=\"page\">\n\t\t\t\t\t\t<section class=\"elementor-section elementor-top-section elementor-element elementor-element-61150e94 elementor-section-full_width elementor-section-height-default elementor-section-height-default\" data-id=\"61150e94\" data-element_type=\"section\" data-e-type=\"section\">\n\t\t\t\t\t\t<div class=\"elementor-container elementor-column-gap-no\">\n\t\t\t\t\t<div class=\"elementor-column elementor-col-100 elementor-top-column elementor-element elementor-element-3c4db021\" data-id=\"3c4db021\" data-element_type=\"column\" data-e-type=\"column\">\n\t\t\t<div class=\"elementor-widget-wrap elementor-element-populated\">\n\t\t\t\t\t\t<section class=\"elementor-section elementor-inner-section elementor-element elementor-element-46ef2fc2 elementor-section-full_width elementor-section-height-min-height elementor-section-content-middle elementor-section-height-default\" data-id=\"46ef2fc2\" data-element_type=\"section\" data-e-type=\"section\" data-settings=\"{&quot;background_background&quot;:&quot;classic&quot;}\">\n\t\t\t\t\t\t\t<div class=\"elementor-background-overlay\"><\/div>\n\t\t\t\t\t\t\t<div class=\"elementor-container elementor-column-gap-no\">\n\t\t\t\t\t<div class=\"elementor-column elementor-col-50 elementor-inner-column elementor-element elementor-element-30063bc8\" data-id=\"30063bc8\" data-element_type=\"column\" data-e-type=\"column\">\n\t\t\t<div class=\"elementor-widget-wrap elementor-element-populated\">\n\t\t\t\t\t\t<div class=\"elementor-element elementor-element-bf76cb5 elementor-widget__width-initial elementor-widget elementor-widget-heading\" data-id=\"bf76cb5\" data-element_type=\"widget\" data-e-type=\"widget\" data-widget_type=\"heading.default\">\n\t\t\t\t<div class=\"elementor-widget-container\">\n\t\t\t\t\t<h1 class=\"elementor-heading-title elementor-size-default\">Demander un devis<\/h1>\t\t\t\t<\/div>\n\t\t\t\t<\/div>\n\t\t\t\t\t<\/div>\n\t\t<\/div>\n\t\t\t\t<div class=\"elementor-column elementor-col-50 elementor-inner-column elementor-element elementor-element-7ff9d0bf\" data-id=\"7ff9d0bf\" data-element_type=\"column\" data-e-type=\"column\">\n\t\t\t<div class=\"elementor-widget-wrap\">\n\t\t\t\t\t\t\t<\/div>\n\t\t<\/div>\n\t\t\t\t\t<\/div>\n\t\t<\/section>\n\t\t\t\t\t<\/div>\n\t\t<\/div>\n\t\t\t\t\t<\/div>\n\t\t<\/section>\n\t\t\t\t<section class=\"elementor-section elementor-top-section elementor-element elementor-element-7ea5038f elementor-section-full_width datos_form elementor-section-height-default elementor-section-height-default\" data-id=\"7ea5038f\" data-element_type=\"section\" data-e-type=\"section\">\n\t\t\t\t\t\t<div class=\"elementor-container elementor-column-gap-default\">\n\t\t\t\t\t<div class=\"elementor-column elementor-col-50 elementor-top-column elementor-element elementor-element-388c59dc\" data-id=\"388c59dc\" data-element_type=\"column\" data-e-type=\"column\" data-settings=\"{&quot;background_background&quot;:&quot;classic&quot;}\">\n\t\t\t<div class=\"elementor-widget-wrap elementor-element-populated\">\n\t\t\t\t\t\t<div class=\"elementor-element elementor-element-f9cb807 elementor-widget elementor-widget-heading\" data-id=\"f9cb807\" data-element_type=\"widget\" data-e-type=\"widget\" data-widget_type=\"heading.default\">\n\t\t\t\t<div class=\"elementor-widget-container\">\n\t\t\t\t\t<h2 class=\"elementor-heading-title elementor-size-default\">Demander un devis pour le produit que vous recherchez<\/h2>\t\t\t\t<\/div>\n\t\t\t\t<\/div>\n\t\t\t\t<div class=\"elementor-element elementor-element-23f5010 elementor-widget elementor-widget-text-editor\" data-id=\"23f5010\" data-element_type=\"widget\" data-e-type=\"widget\" data-widget_type=\"text-editor.default\">\n\t\t\t\t<div class=\"elementor-widget-container\">\n\t\t\t\t\t\t\t\t\t<p>Veuillez nous contacter en indiquant le produit que vous recherchez, les quantit\u00e9s et l\u2019INCOTERM afin que nos agents puissent vous envoyer un devis en fonction de vos besoins. Nous pouvons fournir presque tous les produits chimiques dans le monde entier. <\/p>\n\t\t\t\t\t\t\t\t<\/div>\n\t\t\t\t<\/div>\n\t\t\t\t\t<\/div>\n\t\t<\/div>\n\t\t\t\t<div class=\"elementor-column elementor-col-50 elementor-top-column elementor-element elementor-element-1473df4\" data-id=\"1473df4\" data-element_type=\"column\" data-e-type=\"column\">\n\t\t\t<div class=\"elementor-widget-wrap elementor-element-populated\">\n\t\t\t\t\t\t<div class=\"elementor-element elementor-element-4692004 elementor-widget__width-inherit elementor-widget elementor-widget-html\" data-id=\"4692004\" data-element_type=\"widget\" data-e-type=\"widget\" data-widget_type=\"html.default\">\n\t\t\t\t<div class=\"elementor-widget-container\">\n\t\t\t\t\t<iframe src=\"https:\/\/www2.grupbarcelonesa.com\/l\/914241\/2021-09-14\/hs16?FormPage=Cotizacion-FR&Language=FR\" width=\"100%\" height=\"850\" type=\"text\/html\" frameborder=\"0\" allowTransparency=\"true\" style=\"border: 0\"><\/iframe>\r\n\t\t\t\t<\/div>\n\t\t\t\t<\/div>\n\t\t\t\t\t<\/div>\n\t\t<\/div>\n\t\t\t\t\t<\/div>\n\t\t<\/section>\n\t\t\t\t<\/div>\n\t\t","protected":false},"excerpt":{"rendered":"<p>Demander un devis Demander un devis pour le produit que vous recherchez Veuillez nous contacter en indiquant le produit que vous recherchez, les quantit\u00e9s et l\u2019INCOTERM afin que nos agents puissent vous envoyer un devis en fonction de vos besoins. Nous pouvons fournir presque tous les produits chimiques dans le monde entier.<\/p>\n","protected":false},"author":10,"featured_media":0,"parent":0,"menu_order":0,"comment_status":"closed","ping_status":"closed","template":"","meta":{"_acf_changed":false,"site-sidebar-layout":"no-sidebar","site-content-layout":"page-builder","ast-site-content-layout":"","site-content-style":"default","site-sidebar-style":"default","ast-global-header-display":"","ast-banner-title-visibility":"","ast-main-header-display":"","ast-hfb-above-header-display":"","ast-hfb-below-header-display":"","ast-hfb-mobile-header-display":"","site-post-title":"disabled","ast-breadcrumbs-content":"","ast-featured-img":"disabled","footer-sml-layout":"","theme-transparent-header-meta":"default","adv-header-id-meta":"","stick-header-meta":"","header-above-stick-meta":"","header-main-stick-meta":"","header-below-stick-meta":"","astra-migrate-meta-layouts":"default","ast-page-background-enabled":"default","ast-page-background-meta":{"desktop":{"background-color":"var(--ast-global-color-4)","background-image":"","background-repeat":"repeat","background-position":"center center","background-size":"auto","background-attachment":"scroll","background-type":"","background-media":"","overlay-type":"","overlay-color":"","overlay-opacity":"","overlay-gradient":""},"tablet":{"background-color":"","background-image":"","background-repeat":"repeat","background-position":"center center","background-size":"auto","background-attachment":"scroll","background-type":"","background-media":"","overlay-type":"","overlay-color":"","overlay-opacity":"","overlay-gradient":""},"mobile":{"background-color":"","background-image":"","background-repeat":"repeat","background-position":"center center","background-size":"auto","background-attachment":"scroll","background-type":"","background-media":"","overlay-type":"","overlay-color":"","overlay-opacity":"","overlay-gradient":""}},"ast-content-background-meta":{"desktop":{"background-color":"var(--ast-global-color-5)","background-image":"","background-repeat":"repeat","background-position":"center center","background-size":"auto","background-attachment":"scroll","background-type":"","background-media":"","overlay-type":"","overlay-color":"","overlay-opacity":"","overlay-gradient":""},"tablet":{"background-color":"var(--ast-global-color-5)","background-image":"","background-repeat":"repeat","background-position":"center center","background-size":"auto","background-attachment":"scroll","background-type":"","background-media":"","overlay-type":"","overlay-color":"","overlay-opacity":"","overlay-gradient":""},"mobile":{"background-color":"var(--ast-global-color-5)","background-image":"","background-repeat":"repeat","background-position":"center center","background-size":"auto","background-attachment":"scroll","background-type":"","background-media":"","overlay-type":"","overlay-color":"","overlay-opacity":"","overlay-gradient":""}},"footnotes":""},"class_list":["post-37741","page","type-page","status-publish","hentry"],"acf":[],"yoast_head":"<!-- This site is optimized with the Yoast SEO plugin v27.2 - https:\/\/yoast.com\/product\/yoast-seo-wordpress\/ -->\n<title>Demander un devis - Barcelonesa<\/title>\n<meta name=\"robots\" content=\"index, follow, max-snippet:-1, max-image-preview:large, max-video-preview:-1\" \/>\n<link rel=\"canonical\" href=\"https:\/\/www.barcelonesa.com\/fr\/demander-un-devis\/\" \/>\n<meta property=\"og:locale\" content=\"fr_FR\" \/>\n<meta property=\"og:type\" content=\"article\" \/>\n<meta property=\"og:title\" content=\"Demander un devis - Barcelonesa\" \/>\n<meta property=\"og:description\" content=\"Demander un devis Demander un devis pour le produit que vous recherchez Veuillez nous contacter en indiquant le produit que vous recherchez, les quantit\u00e9s et l\u2019INCOTERM afin que nos agents puissent vous envoyer un devis en fonction de vos besoins. Nous pouvons fournir presque tous les produits chimiques dans le monde entier.\" \/>\n<meta property=\"og:url\" content=\"https:\/\/www.barcelonesa.com\/fr\/demander-un-devis\/\" \/>\n<meta property=\"og:site_name\" content=\"Barcelonesa\" \/>\n<meta property=\"article:modified_time\" content=\"2023-11-09T16:57:12+00:00\" \/>\n<meta name=\"twitter:card\" content=\"summary_large_image\" \/>\n<script type=\"application\/ld+json\" class=\"yoast-schema-graph\">{\"@context\":\"https:\/\/schema.org\",\"@graph\":[{\"@type\":\"WebPage\",\"@id\":\"https:\/\/www.barcelonesa.com\/fr\/demander-un-devis\/\",\"url\":\"https:\/\/www.barcelonesa.com\/fr\/demander-un-devis\/\",\"name\":\"Demander un devis - Barcelonesa\",\"isPartOf\":{\"@id\":\"https:\/\/www.barcelonesa.com\/fr\/#website\"},\"datePublished\":\"2023-11-07T08:23:10+00:00\",\"dateModified\":\"2023-11-09T16:57:12+00:00\",\"breadcrumb\":{\"@id\":\"https:\/\/www.barcelonesa.com\/fr\/demander-un-devis\/#breadcrumb\"},\"inLanguage\":\"fr-FR\",\"potentialAction\":[{\"@type\":\"ReadAction\",\"target\":[\"https:\/\/www.barcelonesa.com\/fr\/demander-un-devis\/\"]}]},{\"@type\":\"BreadcrumbList\",\"@id\":\"https:\/\/www.barcelonesa.com\/fr\/demander-un-devis\/#breadcrumb\",\"itemListElement\":[{\"@type\":\"ListItem\",\"position\":1,\"name\":\"Home\",\"item\":\"https:\/\/www.barcelonesa.com\/fr\/\"},{\"@type\":\"ListItem\",\"position\":2,\"name\":\"Demander un devis\"}]},{\"@type\":\"WebSite\",\"@id\":\"https:\/\/www.barcelonesa.com\/fr\/#website\",\"url\":\"https:\/\/www.barcelonesa.com\/fr\/\",\"name\":\"Barcelonesa\",\"description\":\"Tu partner global de productos y especialidades qu\u00edmicas, est\u00e9s donde est\u00e9s.\",\"publisher\":{\"@id\":\"https:\/\/www.barcelonesa.com\/fr\/#organization\"},\"potentialAction\":[{\"@type\":\"SearchAction\",\"target\":{\"@type\":\"EntryPoint\",\"urlTemplate\":\"https:\/\/www.barcelonesa.com\/fr\/?s={search_term_string}\"},\"query-input\":{\"@type\":\"PropertyValueSpecification\",\"valueRequired\":true,\"valueName\":\"search_term_string\"}}],\"inLanguage\":\"fr-FR\"},{\"@type\":\"Organization\",\"@id\":\"https:\/\/www.barcelonesa.com\/fr\/#organization\",\"name\":\"Barcelonesa\",\"url\":\"https:\/\/www.barcelonesa.com\/fr\/\",\"logo\":{\"@type\":\"ImageObject\",\"inLanguage\":\"fr-FR\",\"@id\":\"https:\/\/www.barcelonesa.com\/fr\/#\/schema\/logo\/image\/\",\"url\":\"https:\/\/www.barcelonesa.com\/wp-content\/uploads\/2023\/09\/logo_header.svg\",\"contentUrl\":\"https:\/\/www.barcelonesa.com\/wp-content\/uploads\/2023\/09\/logo_header.svg\",\"width\":230,\"height\":44,\"caption\":\"Barcelonesa\"},\"image\":{\"@id\":\"https:\/\/www.barcelonesa.com\/fr\/#\/schema\/logo\/image\/\"},\"sameAs\":[\"https:\/\/www.linkedin.com\/company\/barcelonesa-chemicals\"]}]}<\/script>\n<!-- \/ Yoast SEO plugin. -->","yoast_head_json":{"title":"Demander un devis - Barcelonesa","robots":{"index":"index","follow":"follow","max-snippet":"max-snippet:-1","max-image-preview":"max-image-preview:large","max-video-preview":"max-video-preview:-1"},"canonical":"https:\/\/www.barcelonesa.com\/fr\/demander-un-devis\/","og_locale":"fr_FR","og_type":"article","og_title":"Demander un devis - Barcelonesa","og_description":"Demander un devis Demander un devis pour le produit que vous recherchez Veuillez nous contacter en indiquant le produit que vous recherchez, les quantit\u00e9s et l\u2019INCOTERM afin que nos agents puissent vous envoyer un devis en fonction de vos besoins. Nous pouvons fournir presque tous les produits chimiques dans le monde entier.","og_url":"https:\/\/www.barcelonesa.com\/fr\/demander-un-devis\/","og_site_name":"Barcelonesa","article_modified_time":"2023-11-09T16:57:12+00:00","twitter_card":"summary_large_image","schema":{"@context":"https:\/\/schema.org","@graph":[{"@type":"WebPage","@id":"https:\/\/www.barcelonesa.com\/fr\/demander-un-devis\/","url":"https:\/\/www.barcelonesa.com\/fr\/demander-un-devis\/","name":"Demander un devis - Barcelonesa","isPartOf":{"@id":"https:\/\/www.barcelonesa.com\/fr\/#website"},"datePublished":"2023-11-07T08:23:10+00:00","dateModified":"2023-11-09T16:57:12+00:00","breadcrumb":{"@id":"https:\/\/www.barcelonesa.com\/fr\/demander-un-devis\/#breadcrumb"},"inLanguage":"fr-FR","potentialAction":[{"@type":"ReadAction","target":["https:\/\/www.barcelonesa.com\/fr\/demander-un-devis\/"]}]},{"@type":"BreadcrumbList","@id":"https:\/\/www.barcelonesa.com\/fr\/demander-un-devis\/#breadcrumb","itemListElement":[{"@type":"ListItem","position":1,"name":"Home","item":"https:\/\/www.barcelonesa.com\/fr\/"},{"@type":"ListItem","position":2,"name":"Demander un devis"}]},{"@type":"WebSite","@id":"https:\/\/www.barcelonesa.com\/fr\/#website","url":"https:\/\/www.barcelonesa.com\/fr\/","name":"Barcelonesa","description":"Tu partner global de productos y especialidades qu\u00edmicas, est\u00e9s donde est\u00e9s.","publisher":{"@id":"https:\/\/www.barcelonesa.com\/fr\/#organization"},"potentialAction":[{"@type":"SearchAction","target":{"@type":"EntryPoint","urlTemplate":"https:\/\/www.barcelonesa.com\/fr\/?s={search_term_string}"},"query-input":{"@type":"PropertyValueSpecification","valueRequired":true,"valueName":"search_term_string"}}],"inLanguage":"fr-FR"},{"@type":"Organization","@id":"https:\/\/www.barcelonesa.com\/fr\/#organization","name":"Barcelonesa","url":"https:\/\/www.barcelonesa.com\/fr\/","logo":{"@type":"ImageObject","inLanguage":"fr-FR","@id":"https:\/\/www.barcelonesa.com\/fr\/#\/schema\/logo\/image\/","url":"https:\/\/www.barcelonesa.com\/wp-content\/uploads\/2023\/09\/logo_header.svg","contentUrl":"https:\/\/www.barcelonesa.com\/wp-content\/uploads\/2023\/09\/logo_header.svg","width":230,"height":44,"caption":"Barcelonesa"},"image":{"@id":"https:\/\/www.barcelonesa.com\/fr\/#\/schema\/logo\/image\/"},"sameAs":["https:\/\/www.linkedin.com\/company\/barcelonesa-chemicals"]}]}},"_links":{"self":[{"href":"https:\/\/www.barcelonesa.com\/fr\/wp-json\/wp\/v2\/pages\/37741","targetHints":{"allow":["GET"]}}],"collection":[{"href":"https:\/\/www.barcelonesa.com\/fr\/wp-json\/wp\/v2\/pages"}],"about":[{"href":"https:\/\/www.barcelonesa.com\/fr\/wp-json\/wp\/v2\/types\/page"}],"author":[{"embeddable":true,"href":"https:\/\/www.barcelonesa.com\/fr\/wp-json\/wp\/v2\/users\/10"}],"replies":[{"embeddable":true,"href":"https:\/\/www.barcelonesa.com\/fr\/wp-json\/wp\/v2\/comments?post=37741"}],"version-history":[{"count":2,"href":"https:\/\/www.barcelonesa.com\/fr\/wp-json\/wp\/v2\/pages\/37741\/revisions"}],"predecessor-version":[{"id":38075,"href":"https:\/\/www.barcelonesa.com\/fr\/wp-json\/wp\/v2\/pages\/37741\/revisions\/38075"}],"wp:attachment":[{"href":"https:\/\/www.barcelonesa.com\/fr\/wp-json\/wp\/v2\/media?parent=37741"}],"curies":[{"name":"wp","href":"https:\/\/api.w.org\/{rel}","templated":true}]}}