{"id":37539,"date":"2020-07-20T15:32:09","date_gmt":"2020-07-20T13:32:09","guid":{"rendered":"https:\/\/www.barcelonesa.com\/politica-de-cookies\/"},"modified":"2026-02-12T19:58:24","modified_gmt":"2026-02-12T18:58:24","slug":"politica-de-cookies","status":"publish","type":"page","link":"https:\/\/www.barcelonesa.com\/pt-pt\/politica-de-cookies\/","title":{"rendered":"Pol\u00edtica de Cookies"},"content":{"rendered":"\t\t<div data-elementor-type=\"wp-page\" data-elementor-id=\"37539\" class=\"elementor elementor-37539 elementor-2591\" data-elementor-post-type=\"page\">\n\t\t\t\t\t\t<section class=\"elementor-section elementor-top-section elementor-element elementor-element-b9e6b2a elementor-section-boxed elementor-section-height-default elementor-section-height-default\" data-id=\"b9e6b2a\" data-element_type=\"section\" data-e-type=\"section\">\n\t\t\t\t\t\t<div class=\"elementor-container elementor-column-gap-default\">\n\t\t\t\t\t<div class=\"elementor-column elementor-col-100 elementor-top-column elementor-element elementor-element-e2f16f2\" data-id=\"e2f16f2\" data-element_type=\"column\" data-e-type=\"column\">\n\t\t\t<div class=\"elementor-widget-wrap elementor-element-populated\">\n\t\t\t\t\t\t<section class=\"elementor-section elementor-inner-section elementor-element elementor-element-89b4237 elementor-section-boxed elementor-section-height-default elementor-section-height-default\" data-id=\"89b4237\" data-element_type=\"section\" data-e-type=\"section\">\n\t\t\t\t\t\t<div class=\"elementor-container elementor-column-gap-default\">\n\t\t\t\t\t<div class=\"elementor-column elementor-col-50 elementor-inner-column elementor-element elementor-element-7dc0346\" data-id=\"7dc0346\" data-element_type=\"column\" data-e-type=\"column\">\n\t\t\t<div class=\"elementor-widget-wrap elementor-element-populated\">\n\t\t\t\t\t\t<div class=\"elementor-element elementor-element-314da11 elementor-widget__width-auto elementor-widget elementor-widget-heading\" data-id=\"314da11\" data-element_type=\"widget\" data-e-type=\"widget\" data-widget_type=\"heading.default\">\n\t\t\t\t<div class=\"elementor-widget-container\">\n\t\t\t\t\t<h2 class=\"elementor-heading-title elementor-size-default\">Pol\u00edtica de Cookies<\/h2>\t\t\t\t<\/div>\n\t\t\t\t<\/div>\n\t\t\t\t\t<\/div>\n\t\t<\/div>\n\t\t\t\t<div class=\"elementor-column elementor-col-50 elementor-inner-column elementor-element elementor-element-c4a10e4\" data-id=\"c4a10e4\" data-element_type=\"column\" data-e-type=\"column\">\n\t\t\t<div class=\"elementor-widget-wrap elementor-element-populated\">\n\t\t\t\t\t\t<div class=\"elementor-element elementor-element-c9bf876 elementor-align-right elementor-widget elementor-widget-breadcrumbs\" data-id=\"c9bf876\" data-element_type=\"widget\" data-e-type=\"widget\" data-widget_type=\"breadcrumbs.default\">\n\t\t\t\t<div class=\"elementor-widget-container\">\n\t\t\t\t\t<p id=\"breadcrumbs\"><span><span><a href=\"https:\/\/www.barcelonesa.com\/pt-pt\/\">Home<\/a><\/span><\/span><\/p>\t\t\t\t<\/div>\n\t\t\t\t<\/div>\n\t\t\t\t\t<\/div>\n\t\t<\/div>\n\t\t\t\t\t<\/div>\n\t\t<\/section>\n\t\t\t\t<div class=\"elementor-element elementor-element-3c0b4e0 elementor-widget elementor-widget-text-editor\" data-id=\"3c0b4e0\" data-element_type=\"widget\" data-e-type=\"widget\" data-widget_type=\"text-editor.default\">\n\t\t\t\t<div class=\"elementor-widget-container\">\n\t\t\t\t\t\t\t\t\t<p data-start=\"0\" data-end=\"686\">O respons\u00e1vel pelo site <a class=\"decorated-link\" href=\"https:\/\/www.barcelonesa.com\/\" target=\"_new\" rel=\"noopener\" data-start=\"24\" data-end=\"51\">https:\/\/www.barcelonesa.com<\/a> (o \u201cSite\u201d) \u00e9 a <strong data-start=\"67\" data-end=\"121\">BARCELONESA DE DROGAS Y PRODUCTOS QU\u00cdMICOS, S.A.U.<\/strong>, que pode utilizar uma tecnologia denominada \u201ccookies\u201d com a finalidade de recolher informa\u00e7\u00f5es sobre a utiliza\u00e7\u00e3o do Site. Informamos que poderemos utilizar cookies com o objetivo de facilitar a sua navega\u00e7\u00e3o no Site, distingui-lo de outros utilizadores, proporcionar uma melhor experi\u00eancia de utiliza\u00e7\u00e3o e identificar problemas para melhorar o nosso Site. Al\u00e9m disso, caso preste o seu consentimento, poderemos utilizar cookies que nos permitam obter mais informa\u00e7\u00f5es sobre as suas prefer\u00eancias e personalizar o Site de acordo com os seus interesses individuais.<\/p><p data-start=\"688\" data-end=\"991\">A presente pol\u00edtica de cookies tem como finalidade inform\u00e1-lo de forma clara e precisa sobre as cookies que s\u00e3o utilizadas no nosso Site em cada momento. Caso deseje obter mais informa\u00e7\u00f5es sobre as cookies que utilizamos no Site, pode enviar um e-mail para o seguinte endere\u00e7o: <a class=\"decorated-link cursor-pointer\" rel=\"noopener\" data-start=\"966\" data-end=\"990\">rgpd@grupbarcelonesa.com<\/a>.<\/p><h2 data-start=\"993\" data-end=\"1003\">COOKIES<\/h2><p data-start=\"1005\" data-end=\"1226\">Uma cookie \u00e9 um ficheiro que \u00e9 descarregado no seu equipamento (computador ou dispositivo m\u00f3vel) com a finalidade de armazenar dados que poder\u00e3o ser atualizados e recuperados pela entidade respons\u00e1vel pela sua instala\u00e7\u00e3o.<\/p><p data-start=\"1228\" data-end=\"1444\">As informa\u00e7\u00f5es recolhidas atrav\u00e9s das cookies podem incluir a data e hora das visitas ao Site, as p\u00e1ginas visualizadas, o tempo que permaneceu no nosso Site e os sites visitados imediatamente antes e depois do mesmo.<\/p><h2 data-start=\"1446\" data-end=\"1498\">TIPOS DE COOKIES QUE PODEM SER UTILIZADAS NO SITE<\/h2><h3 data-start=\"1500\" data-end=\"1522\">Cookies de sess\u00e3o:<\/h3><p data-start=\"1524\" data-end=\"1772\">S\u00e3o aquelas cookies que s\u00e3o enviadas para o seu computador e geridas exclusivamente por n\u00f3s para o melhor funcionamento do Site. A informa\u00e7\u00e3o que recolhemos \u00e9 utilizada para melhorar a qualidade do nosso servi\u00e7o e a sua experi\u00eancia como utilizador.<\/p><h3 data-start=\"1774\" data-end=\"1799\">Cookies persistentes:<\/h3><p data-start=\"1801\" data-end=\"1997\">Estas cookies permanecem no seu navegador por mais tempo, permitindo-nos reconhec\u00ea-lo como visitante recorrente do Site e adaptar o conte\u00fado para oferecer conte\u00fados ajustados \u00e0s suas prefer\u00eancias.<\/p><h3 data-start=\"1999\" data-end=\"2034\">Cookies funcionais ou t\u00e9cnicas:<\/h3><p data-start=\"2036\" data-end=\"2317\">Estas cookies permitem a navega\u00e7\u00e3o do utilizador atrav\u00e9s do Site e a utiliza\u00e7\u00e3o das diferentes op\u00e7\u00f5es ou servi\u00e7os existentes, como por exemplo controlar o tr\u00e1fego e a comunica\u00e7\u00e3o de dados, identificar a sess\u00e3o, contar visitas ou utilizar elementos de seguran\u00e7a durante a navega\u00e7\u00e3o.<\/p><h3 data-start=\"2319\" data-end=\"2365\">Cookies de prefer\u00eancias ou personaliza\u00e7\u00e3o:<\/h3><p data-start=\"2367\" data-end=\"2725\">Estas cookies permitem recordar informa\u00e7\u00f5es para que o utilizador aceda ao servi\u00e7o com determinadas caracter\u00edsticas que possam diferenciar a sua experi\u00eancia da de outros utilizadores, como por exemplo o idioma, o aspeto ou o conte\u00fado do servi\u00e7o em fun\u00e7\u00e3o do tipo de navegador atrav\u00e9s do qual o utilizador acede ao servi\u00e7o ou da regi\u00e3o a partir da qual acede.<\/p><h3 data-start=\"2727\" data-end=\"2764\">Cookies anal\u00edticas ou de medi\u00e7\u00e3o:<\/h3><p data-start=\"2766\" data-end=\"3066\">S\u00e3o aquelas que, tratadas por n\u00f3s ou por terceiros, permitem quantificar o n\u00famero de utilizadores e realizar a medi\u00e7\u00e3o e an\u00e1lise estat\u00edstica da utiliza\u00e7\u00e3o dos servi\u00e7os oferecidos. Para tal, \u00e9 analisada a sua navega\u00e7\u00e3o no nosso Site com o objetivo de melhorar a oferta dos nossos produtos ou servi\u00e7os.<\/p><h3 data-start=\"3068\" data-end=\"3103\">Cookies de marketing ou outras:<\/h3><p data-start=\"3105\" data-end=\"3287\">S\u00e3o aquelas que, tratadas por n\u00f3s ou por terceiros, permitem analisar os seus h\u00e1bitos de navega\u00e7\u00e3o na Internet para lhe mostrar publicidade relacionada com o seu perfil de navega\u00e7\u00e3o.<\/p><p data-start=\"3289\" data-end=\"3345\" data-is-last-node=\"\" data-is-only-node=\"\">Em concreto, atualmente utilizamos as seguintes cookies:<\/p><p><img fetchpriority=\"high\" decoding=\"async\" class=\"alignnone size-full wp-image-43392\" src=\"https:\/\/www.barcelonesa.com\/wp-content\/uploads\/2026\/02\/barcelonesa-cookies.jpg\" alt=\"\" width=\"1276\" height=\"812\" srcset=\"https:\/\/www.barcelonesa.com\/wp-content\/uploads\/2026\/02\/barcelonesa-cookies.jpg 1276w, https:\/\/www.barcelonesa.com\/wp-content\/uploads\/2026\/02\/barcelonesa-cookies-300x191.jpg 300w, https:\/\/www.barcelonesa.com\/wp-content\/uploads\/2026\/02\/barcelonesa-cookies-1024x652.jpg 1024w, https:\/\/www.barcelonesa.com\/wp-content\/uploads\/2026\/02\/barcelonesa-cookies-768x489.jpg 768w\" sizes=\"(max-width: 1276px) 100vw, 1276px\" \/><\/p><h2 data-start=\"0\" data-end=\"16\">CONSENTIMENTO<\/h2><p data-start=\"18\" data-end=\"336\">Quando aceder ao nosso Site pela primeira vez, ser-lhe-\u00e1 apresentado um banner ou painel de configura\u00e7\u00e3o de cookies que lhe permitir\u00e1 obter informa\u00e7\u00f5es detalhadas sobre as cookies utilizadas e, se for o caso, conceder ou recusar o seu consentimento para a instala\u00e7\u00e3o das cookies que n\u00e3o sejam estritamente necess\u00e1rias.<\/p><p data-start=\"338\" data-end=\"548\">Caso n\u00e3o aceite determinadas cookies, apenas ser\u00e3o instaladas no seu equipamento as cookies t\u00e9cnicas ou estritamente necess\u00e1rias para o correto funcionamento do Site, em conformidade com a legisla\u00e7\u00e3o aplic\u00e1vel.<\/p><p data-start=\"550\" data-end=\"694\">Poder\u00e1 ainda modificar, gerir ou retirar o seu consentimento a qualquer momento atrav\u00e9s do painel de configura\u00e7\u00e3o de cookies dispon\u00edvel no Site.<\/p><h2 data-start=\"696\" data-end=\"754\">DESATIVAR E BLOQUEAR COOKIES OU RETIRAR O CONSENTIMENTO<\/h2><p data-start=\"756\" data-end=\"1172\">Em qualquer caso, informamos que as cookies n\u00e3o t\u00e9cnicas (tais como as anal\u00edticas, de personaliza\u00e7\u00e3o ou de marketing) n\u00e3o s\u00e3o indispens\u00e1veis para a utiliza\u00e7\u00e3o do Site. Por esse motivo, poder\u00e1 bloque\u00e1-las ou desativ\u00e1-las a qualquer momento, quer atrav\u00e9s do painel de configura\u00e7\u00e3o de cookies, quer atrav\u00e9s das defini\u00e7\u00f5es do seu navegador, que lhe permitem recusar a instala\u00e7\u00e3o de todas as cookies ou apenas de algumas.<\/p><p data-start=\"1174\" data-end=\"1480\">A maioria dos navegadores permite alertar para a presen\u00e7a de cookies ou recus\u00e1-las automaticamente. Caso opte por rejeit\u00e1-las, poder\u00e1 continuar a utilizar o nosso Site, embora algumas funcionalidades ou servi\u00e7os possam ficar limitados, o que poder\u00e1 tornar a sua experi\u00eancia de navega\u00e7\u00e3o menos satisfat\u00f3ria.<\/p><p data-start=\"1482\" data-end=\"1571\">Para mais informa\u00e7\u00f5es sobre como eliminar, desativar ou bloquear cookies, pode consultar:<\/p><p data-start=\"1573\" data-end=\"1620\"><a class=\"decorated-link\" href=\"http:\/\/www.aboutcookies.org\/Default.aspx?page=2\" target=\"_new\" rel=\"noopener\" data-start=\"1573\" data-end=\"1620\">http:\/\/www.aboutcookies.org\/Default.aspx?page=2<\/a><\/p><p data-start=\"1622\" data-end=\"1701\">Tamb\u00e9m poder\u00e1 encontrar instru\u00e7\u00f5es espec\u00edficas consoante o navegador utilizado:<\/p><p data-start=\"1703\" data-end=\"2056\">Mozilla Firefox: <a class=\"decorated-link cursor-pointer\" target=\"_new\" rel=\"noopener\" data-start=\"1720\" data-end=\"1783\">https:\/\/support.mozilla.org\/pt-PT\/kb\/ativar-e-desativar-cookies<\/a><br data-start=\"1783\" data-end=\"1786\" \/>Google Chrome: <a class=\"decorated-link cursor-pointer\" target=\"_new\" rel=\"noopener\" data-start=\"1801\" data-end=\"1847\">https:\/\/support.google.com\/chrome\/answer\/95647<\/a><br data-start=\"1847\" data-end=\"1850\" \/>Microsoft Edge: <a class=\"decorated-link cursor-pointer\" target=\"_new\" rel=\"noopener\" data-start=\"1866\" data-end=\"1932\">https:\/\/support.microsoft.com\/pt-pt\/topic\/eliminar-e-gerir-cookies<\/a><br data-start=\"1932\" data-end=\"1935\" \/>Safari: <a class=\"decorated-link cursor-pointer\" target=\"_new\" rel=\"noopener\" data-start=\"1943\" data-end=\"1987\">https:\/\/support.apple.com\/pt-pt\/guide\/safari<\/a><br data-start=\"1987\" data-end=\"1990\" \/>Opera: <a class=\"decorated-link cursor-pointer\" target=\"_new\" rel=\"noopener\" data-start=\"1997\" data-end=\"2054\">https:\/\/help.opera.com\/pt\/latest\/web-preferences\/#cookies<\/a><\/p><p data-start=\"2058\" data-end=\"2276\">Pode ainda consultar os v\u00eddeos disponibilizados pela Ag\u00eancia Espanhola de Prote\u00e7\u00e3o de Dados (AEPD), que explicam como configurar as op\u00e7\u00f5es de privacidade em diferentes plataformas e dispositivos:<br data-start=\"2253\" data-end=\"2256\" \/><a class=\"decorated-link\" href=\"https:\/\/www.aepd.es\/\" target=\"_new\" rel=\"noopener\" data-start=\"2256\" data-end=\"2276\">https:\/\/www.aepd.es\/<\/a><\/p><h2 data-start=\"2278\" data-end=\"2313\">ALTERA\u00c7\u00d5ES \u00c0 POL\u00cdTICA DE COOKIES<\/h2><p data-start=\"2315\" data-end=\"2650\">Poderemos atualizar a presente Pol\u00edtica de Cookies a qualquer momento, quer por exig\u00eancias legais, quer por altera\u00e7\u00f5es na configura\u00e7\u00e3o ou utiliza\u00e7\u00e3o de cookies no Site. Por esse motivo, recomendamos que consulte esta pol\u00edtica regularmente, de forma a estar devidamente informado sobre como e para que finalidades utilizamos as cookies.<\/p><p data-start=\"2652\" data-end=\"2735\" data-is-last-node=\"\" data-is-only-node=\"\">A presente Pol\u00edtica de Cookies foi atualizada pela \u00faltima vez em fevereiro de 2026.<\/p>\t\t\t\t\t\t\t\t<\/div>\n\t\t\t\t<\/div>\n\t\t\t\t\t<\/div>\n\t\t<\/div>\n\t\t\t\t\t<\/div>\n\t\t<\/section>\n\t\t\t\t<\/div>\n\t\t","protected":false},"excerpt":{"rendered":"<p>Pol\u00edtica de Cookies O respons\u00e1vel pelo site https:\/\/www.barcelonesa.com (o \u201cSite\u201d) \u00e9 a BARCELONESA DE DROGAS Y PRODUCTOS QU\u00cdMICOS, S.A.U., que pode utilizar uma tecnologia denominada \u201ccookies\u201d com a finalidade de recolher informa\u00e7\u00f5es sobre a utiliza\u00e7\u00e3o do Site. Informamos que poderemos utilizar cookies com o objetivo de facilitar a sua navega\u00e7\u00e3o no Site, distingui-lo de outros [&hellip;]<\/p>\n","protected":false},"author":5,"featured_media":0,"parent":0,"menu_order":0,"comment_status":"closed","ping_status":"closed","template":"","meta":{"_acf_changed":false,"site-sidebar-layout":"no-sidebar","site-content-layout":"page-builder","ast-site-content-layout":"full-width-container","site-content-style":"unboxed","site-sidebar-style":"unboxed","ast-global-header-display":"","ast-banner-title-visibility":"","ast-main-header-display":"","ast-hfb-above-header-display":"","ast-hfb-below-header-display":"","ast-hfb-mobile-header-display":"","site-post-title":"disabled","ast-breadcrumbs-content":"","ast-featured-img":"disabled","footer-sml-layout":"","theme-transparent-header-meta":"default","adv-header-id-meta":"","stick-header-meta":"","header-above-stick-meta":"","header-main-stick-meta":"","header-below-stick-meta":"","astra-migrate-meta-layouts":"default","ast-page-background-enabled":"default","ast-page-background-meta":{"desktop":{"background-color":"var(--ast-global-color-4)","background-image":"","background-repeat":"repeat","background-position":"center center","background-size":"auto","background-attachment":"scroll","background-type":"","background-media":"","overlay-type":"","overlay-color":"","overlay-opacity":"","overlay-gradient":""},"tablet":{"background-color":"","background-image":"","background-repeat":"repeat","background-position":"center center","background-size":"auto","background-attachment":"scroll","background-type":"","background-media":"","overlay-type":"","overlay-color":"","overlay-opacity":"","overlay-gradient":""},"mobile":{"background-color":"","background-image":"","background-repeat":"repeat","background-position":"center center","background-size":"auto","background-attachment":"scroll","background-type":"","background-media":"","overlay-type":"","overlay-color":"","overlay-opacity":"","overlay-gradient":""}},"ast-content-background-meta":{"desktop":{"background-color":"var(--ast-global-color-5)","background-image":"","background-repeat":"repeat","background-position":"center center","background-size":"auto","background-attachment":"scroll","background-type":"","background-media":"","overlay-type":"","overlay-color":"","overlay-opacity":"","overlay-gradient":""},"tablet":{"background-color":"var(--ast-global-color-5)","background-image":"","background-repeat":"repeat","background-position":"center center","background-size":"auto","background-attachment":"scroll","background-type":"","background-media":"","overlay-type":"","overlay-color":"","overlay-opacity":"","overlay-gradient":""},"mobile":{"background-color":"var(--ast-global-color-5)","background-image":"","background-repeat":"repeat","background-position":"center center","background-size":"auto","background-attachment":"scroll","background-type":"","background-media":"","overlay-type":"","overlay-color":"","overlay-opacity":"","overlay-gradient":""}},"footnotes":""},"class_list":["post-37539","page","type-page","status-publish","hentry"],"acf":[],"yoast_head":"<!-- This site is optimized with the Yoast SEO plugin v27.2 - https:\/\/yoast.com\/product\/yoast-seo-wordpress\/ -->\n<title>Pol\u00edtica de Cookies - Barcelonesa<\/title>\n<meta name=\"robots\" content=\"index, follow, max-snippet:-1, max-image-preview:large, max-video-preview:-1\" \/>\n<link rel=\"canonical\" href=\"https:\/\/www.barcelonesa.com\/pt-pt\/politica-de-cookies\/\" \/>\n<meta property=\"og:locale\" content=\"pt_PT\" \/>\n<meta property=\"og:type\" content=\"article\" \/>\n<meta property=\"og:title\" content=\"Pol\u00edtica de Cookies - Barcelonesa\" \/>\n<meta property=\"og:description\" content=\"Pol\u00edtica de Cookies O respons\u00e1vel pelo site https:\/\/www.barcelonesa.com (o \u201cSite\u201d) \u00e9 a BARCELONESA DE DROGAS Y PRODUCTOS QU\u00cdMICOS, S.A.U., que pode utilizar uma tecnologia denominada \u201ccookies\u201d com a finalidade de recolher informa\u00e7\u00f5es sobre a utiliza\u00e7\u00e3o do Site. Informamos que poderemos utilizar cookies com o objetivo de facilitar a sua navega\u00e7\u00e3o no Site, distingui-lo de outros [&hellip;]\" \/>\n<meta property=\"og:url\" content=\"https:\/\/www.barcelonesa.com\/pt-pt\/politica-de-cookies\/\" \/>\n<meta property=\"og:site_name\" content=\"Barcelonesa\" \/>\n<meta property=\"article:modified_time\" content=\"2026-02-12T18:58:24+00:00\" \/>\n<meta property=\"og:image\" content=\"https:\/\/www.barcelonesa.com\/wp-content\/uploads\/2026\/02\/barcelonesa-cookies.jpg\" \/>\n\t<meta property=\"og:image:width\" content=\"1276\" \/>\n\t<meta property=\"og:image:height\" content=\"812\" \/>\n\t<meta property=\"og:image:type\" content=\"image\/jpeg\" \/>\n<meta name=\"twitter:card\" content=\"summary_large_image\" \/>\n<meta name=\"twitter:label1\" content=\"Tempo estimado de leitura\" \/>\n\t<meta name=\"twitter:data1\" content=\"5 minutos\" \/>\n<script type=\"application\/ld+json\" class=\"yoast-schema-graph\">{\"@context\":\"https:\/\/schema.org\",\"@graph\":[{\"@type\":\"WebPage\",\"@id\":\"https:\/\/www.barcelonesa.com\/pt-pt\/politica-de-cookies\/\",\"url\":\"https:\/\/www.barcelonesa.com\/pt-pt\/politica-de-cookies\/\",\"name\":\"Pol\u00edtica de Cookies - Barcelonesa\",\"isPartOf\":{\"@id\":\"https:\/\/www.barcelonesa.com\/pt-pt\/#website\"},\"primaryImageOfPage\":{\"@id\":\"https:\/\/www.barcelonesa.com\/pt-pt\/politica-de-cookies\/#primaryimage\"},\"image\":{\"@id\":\"https:\/\/www.barcelonesa.com\/pt-pt\/politica-de-cookies\/#primaryimage\"},\"thumbnailUrl\":\"https:\/\/www.barcelonesa.com\/wp-content\/uploads\/2026\/02\/barcelonesa-cookies.jpg\",\"datePublished\":\"2020-07-20T13:32:09+00:00\",\"dateModified\":\"2026-02-12T18:58:24+00:00\",\"breadcrumb\":{\"@id\":\"https:\/\/www.barcelonesa.com\/pt-pt\/politica-de-cookies\/#breadcrumb\"},\"inLanguage\":\"pt-PT\",\"potentialAction\":[{\"@type\":\"ReadAction\",\"target\":[\"https:\/\/www.barcelonesa.com\/pt-pt\/politica-de-cookies\/\"]}]},{\"@type\":\"ImageObject\",\"inLanguage\":\"pt-PT\",\"@id\":\"https:\/\/www.barcelonesa.com\/pt-pt\/politica-de-cookies\/#primaryimage\",\"url\":\"https:\/\/www.barcelonesa.com\/wp-content\/uploads\/2026\/02\/barcelonesa-cookies.jpg\",\"contentUrl\":\"https:\/\/www.barcelonesa.com\/wp-content\/uploads\/2026\/02\/barcelonesa-cookies.jpg\"},{\"@type\":\"BreadcrumbList\",\"@id\":\"https:\/\/www.barcelonesa.com\/pt-pt\/politica-de-cookies\/#breadcrumb\",\"itemListElement\":[{\"@type\":\"ListItem\",\"position\":1,\"name\":\"Home\",\"item\":\"https:\/\/www.barcelonesa.com\/pt-pt\/\"},{\"@type\":\"ListItem\",\"position\":2,\"name\":\"Pol\u00edtica de Cookies\"}]},{\"@type\":\"WebSite\",\"@id\":\"https:\/\/www.barcelonesa.com\/pt-pt\/#website\",\"url\":\"https:\/\/www.barcelonesa.com\/pt-pt\/\",\"name\":\"Barcelonesa\",\"description\":\"Tu partner global de productos y especialidades qu\u00edmicas, est\u00e9s donde est\u00e9s.\",\"publisher\":{\"@id\":\"https:\/\/www.barcelonesa.com\/pt-pt\/#organization\"},\"potentialAction\":[{\"@type\":\"SearchAction\",\"target\":{\"@type\":\"EntryPoint\",\"urlTemplate\":\"https:\/\/www.barcelonesa.com\/pt-pt\/?s={search_term_string}\"},\"query-input\":{\"@type\":\"PropertyValueSpecification\",\"valueRequired\":true,\"valueName\":\"search_term_string\"}}],\"inLanguage\":\"pt-PT\"},{\"@type\":\"Organization\",\"@id\":\"https:\/\/www.barcelonesa.com\/pt-pt\/#organization\",\"name\":\"Barcelonesa\",\"url\":\"https:\/\/www.barcelonesa.com\/pt-pt\/\",\"logo\":{\"@type\":\"ImageObject\",\"inLanguage\":\"pt-PT\",\"@id\":\"https:\/\/www.barcelonesa.com\/pt-pt\/#\/schema\/logo\/image\/\",\"url\":\"https:\/\/www.barcelonesa.com\/wp-content\/uploads\/2023\/09\/logo_header.svg\",\"contentUrl\":\"https:\/\/www.barcelonesa.com\/wp-content\/uploads\/2023\/09\/logo_header.svg\",\"width\":230,\"height\":44,\"caption\":\"Barcelonesa\"},\"image\":{\"@id\":\"https:\/\/www.barcelonesa.com\/pt-pt\/#\/schema\/logo\/image\/\"},\"sameAs\":[\"https:\/\/www.linkedin.com\/company\/barcelonesa-chemicals\"]}]}<\/script>\n<!-- \/ Yoast SEO plugin. -->","yoast_head_json":{"title":"Pol\u00edtica de Cookies - Barcelonesa","robots":{"index":"index","follow":"follow","max-snippet":"max-snippet:-1","max-image-preview":"max-image-preview:large","max-video-preview":"max-video-preview:-1"},"canonical":"https:\/\/www.barcelonesa.com\/pt-pt\/politica-de-cookies\/","og_locale":"pt_PT","og_type":"article","og_title":"Pol\u00edtica de Cookies - Barcelonesa","og_description":"Pol\u00edtica de Cookies O respons\u00e1vel pelo site https:\/\/www.barcelonesa.com (o \u201cSite\u201d) \u00e9 a BARCELONESA DE DROGAS Y PRODUCTOS QU\u00cdMICOS, S.A.U., que pode utilizar uma tecnologia denominada \u201ccookies\u201d com a finalidade de recolher informa\u00e7\u00f5es sobre a utiliza\u00e7\u00e3o do Site. Informamos que poderemos utilizar cookies com o objetivo de facilitar a sua navega\u00e7\u00e3o no Site, distingui-lo de outros [&hellip;]","og_url":"https:\/\/www.barcelonesa.com\/pt-pt\/politica-de-cookies\/","og_site_name":"Barcelonesa","article_modified_time":"2026-02-12T18:58:24+00:00","og_image":[{"width":1276,"height":812,"url":"https:\/\/www.barcelonesa.com\/wp-content\/uploads\/2026\/02\/barcelonesa-cookies.jpg","type":"image\/jpeg"}],"twitter_card":"summary_large_image","twitter_misc":{"Tempo estimado de leitura":"5 minutos"},"schema":{"@context":"https:\/\/schema.org","@graph":[{"@type":"WebPage","@id":"https:\/\/www.barcelonesa.com\/pt-pt\/politica-de-cookies\/","url":"https:\/\/www.barcelonesa.com\/pt-pt\/politica-de-cookies\/","name":"Pol\u00edtica de Cookies - Barcelonesa","isPartOf":{"@id":"https:\/\/www.barcelonesa.com\/pt-pt\/#website"},"primaryImageOfPage":{"@id":"https:\/\/www.barcelonesa.com\/pt-pt\/politica-de-cookies\/#primaryimage"},"image":{"@id":"https:\/\/www.barcelonesa.com\/pt-pt\/politica-de-cookies\/#primaryimage"},"thumbnailUrl":"https:\/\/www.barcelonesa.com\/wp-content\/uploads\/2026\/02\/barcelonesa-cookies.jpg","datePublished":"2020-07-20T13:32:09+00:00","dateModified":"2026-02-12T18:58:24+00:00","breadcrumb":{"@id":"https:\/\/www.barcelonesa.com\/pt-pt\/politica-de-cookies\/#breadcrumb"},"inLanguage":"pt-PT","potentialAction":[{"@type":"ReadAction","target":["https:\/\/www.barcelonesa.com\/pt-pt\/politica-de-cookies\/"]}]},{"@type":"ImageObject","inLanguage":"pt-PT","@id":"https:\/\/www.barcelonesa.com\/pt-pt\/politica-de-cookies\/#primaryimage","url":"https:\/\/www.barcelonesa.com\/wp-content\/uploads\/2026\/02\/barcelonesa-cookies.jpg","contentUrl":"https:\/\/www.barcelonesa.com\/wp-content\/uploads\/2026\/02\/barcelonesa-cookies.jpg"},{"@type":"BreadcrumbList","@id":"https:\/\/www.barcelonesa.com\/pt-pt\/politica-de-cookies\/#breadcrumb","itemListElement":[{"@type":"ListItem","position":1,"name":"Home","item":"https:\/\/www.barcelonesa.com\/pt-pt\/"},{"@type":"ListItem","position":2,"name":"Pol\u00edtica de Cookies"}]},{"@type":"WebSite","@id":"https:\/\/www.barcelonesa.com\/pt-pt\/#website","url":"https:\/\/www.barcelonesa.com\/pt-pt\/","name":"Barcelonesa","description":"Tu partner global de productos y especialidades qu\u00edmicas, est\u00e9s donde est\u00e9s.","publisher":{"@id":"https:\/\/www.barcelonesa.com\/pt-pt\/#organization"},"potentialAction":[{"@type":"SearchAction","target":{"@type":"EntryPoint","urlTemplate":"https:\/\/www.barcelonesa.com\/pt-pt\/?s={search_term_string}"},"query-input":{"@type":"PropertyValueSpecification","valueRequired":true,"valueName":"search_term_string"}}],"inLanguage":"pt-PT"},{"@type":"Organization","@id":"https:\/\/www.barcelonesa.com\/pt-pt\/#organization","name":"Barcelonesa","url":"https:\/\/www.barcelonesa.com\/pt-pt\/","logo":{"@type":"ImageObject","inLanguage":"pt-PT","@id":"https:\/\/www.barcelonesa.com\/pt-pt\/#\/schema\/logo\/image\/","url":"https:\/\/www.barcelonesa.com\/wp-content\/uploads\/2023\/09\/logo_header.svg","contentUrl":"https:\/\/www.barcelonesa.com\/wp-content\/uploads\/2023\/09\/logo_header.svg","width":230,"height":44,"caption":"Barcelonesa"},"image":{"@id":"https:\/\/www.barcelonesa.com\/pt-pt\/#\/schema\/logo\/image\/"},"sameAs":["https:\/\/www.linkedin.com\/company\/barcelonesa-chemicals"]}]}},"_links":{"self":[{"href":"https:\/\/www.barcelonesa.com\/pt-pt\/wp-json\/wp\/v2\/pages\/37539","targetHints":{"allow":["GET"]}}],"collection":[{"href":"https:\/\/www.barcelonesa.com\/pt-pt\/wp-json\/wp\/v2\/pages"}],"about":[{"href":"https:\/\/www.barcelonesa.com\/pt-pt\/wp-json\/wp\/v2\/types\/page"}],"author":[{"embeddable":true,"href":"https:\/\/www.barcelonesa.com\/pt-pt\/wp-json\/wp\/v2\/users\/5"}],"replies":[{"embeddable":true,"href":"https:\/\/www.barcelonesa.com\/pt-pt\/wp-json\/wp\/v2\/comments?post=37539"}],"version-history":[{"count":9,"href":"https:\/\/www.barcelonesa.com\/pt-pt\/wp-json\/wp\/v2\/pages\/37539\/revisions"}],"predecessor-version":[{"id":43656,"href":"https:\/\/www.barcelonesa.com\/pt-pt\/wp-json\/wp\/v2\/pages\/37539\/revisions\/43656"}],"wp:attachment":[{"href":"https:\/\/www.barcelonesa.com\/pt-pt\/wp-json\/wp\/v2\/media?parent=37539"}],"curies":[{"name":"wp","href":"https:\/\/api.w.org\/{rel}","templated":true}]}}